{"id":6526,"date":"2024-10-30T09:37:05","date_gmt":"2024-10-30T09:37:05","guid":{"rendered":"https:\/\/mediavesthosting.com\/takogventilasjon\/torv-copy\/"},"modified":"2025-08-25T12:33:09","modified_gmt":"2025-08-25T12:33:09","slug":"om-oss","status":"publish","type":"page","link":"https:\/\/mediavesthosting.com\/takogventilasjon\/om-oss\/","title":{"rendered":"Om oss"},"content":{"rendered":"\t\t<div data-elementor-type=\"wp-page\" data-elementor-id=\"6526\" class=\"elementor elementor-6526\" data-elementor-post-type=\"page\">\n\t\t\t\t\t\t<section class=\"elementor-section elementor-top-section elementor-element elementor-element-2f763d8 elementor-section-boxed elementor-section-height-default elementor-section-height-default\" data-id=\"2f763d8\" data-element_type=\"section\">\n\t\t\t\t\t\t<div class=\"elementor-container elementor-column-gap-default\">\n\t\t\t\t\t<div class=\"elementor-column elementor-col-100 elementor-top-column elementor-element elementor-element-8c53a77\" data-id=\"8c53a77\" data-element_type=\"column\">\n\t\t\t<div class=\"elementor-widget-wrap elementor-element-populated\">\n\t\t\t\t\t\t<div class=\"elementor-element elementor-element-2391ba6 elementor-widget elementor-widget-heading\" data-id=\"2391ba6\" data-element_type=\"widget\" data-widget_type=\"heading.default\">\n\t\t\t\t<div class=\"elementor-widget-container\">\n\t\t\t\t\t<h2 class=\"elementor-heading-title elementor-size-default\">Velkommen til oss<\/h2>\t\t\t\t<\/div>\n\t\t\t\t<\/div>\n\t\t\t\t<div class=\"elementor-element elementor-element-53a0a9b elementor-widget elementor-widget-heading\" data-id=\"53a0a9b\" data-element_type=\"widget\" data-widget_type=\"heading.default\">\n\t\t\t\t<div class=\"elementor-widget-container\">\n\t\t\t\t\t<h3 class=\"elementor-heading-title elementor-size-default\">Din leverand\u00f8r av tak og Ventilasjon i Bergen<\/h3>\t\t\t\t<\/div>\n\t\t\t\t<\/div>\n\t\t\t\t\t<\/div>\n\t\t<\/div>\n\t\t\t\t\t<\/div>\n\t\t<\/section>\n\t\t\t\t<section class=\"elementor-section elementor-top-section elementor-element elementor-element-c797a49 elementor-section-boxed elementor-section-height-default elementor-section-height-default\" data-id=\"c797a49\" data-element_type=\"section\">\n\t\t\t\t\t\t<div class=\"elementor-container elementor-column-gap-default\">\n\t\t\t\t\t<div class=\"elementor-column elementor-col-50 elementor-top-column elementor-element elementor-element-bb26a0f\" data-id=\"bb26a0f\" data-element_type=\"column\">\n\t\t\t<div class=\"elementor-widget-wrap elementor-element-populated\">\n\t\t\t\t\t\t<div class=\"elementor-element elementor-element-28e4e3f elementor-widget elementor-widget-heading\" data-id=\"28e4e3f\" data-element_type=\"widget\" data-widget_type=\"heading.default\">\n\t\t\t\t<div class=\"elementor-widget-container\">\n\t\t\t\t\t<h2 class=\"elementor-heading-title elementor-size-default\">V\u00e5r visjon<\/h2>\t\t\t\t<\/div>\n\t\t\t\t<\/div>\n\t\t\t\t<div class=\"elementor-element elementor-element-f58a0be elementor-widget elementor-widget-text-editor\" data-id=\"f58a0be\" data-element_type=\"widget\" data-widget_type=\"text-editor.default\">\n\t\t\t\t<div class=\"elementor-widget-container\">\n\t\t\t\t\t\t\t\t\t<p>Med en lidenskap for \u00e5 levere solide varige l\u00f8sninger, er v\u00e5rt m\u00e5l alltid \u00e5 m\u00f8te kundens forventninger. Vi tror p\u00e5 kvalitet i alle ledd, fra materialer til kundeservice.<\/p>\t\t\t\t\t\t\t\t<\/div>\n\t\t\t\t<\/div>\n\t\t\t\t<div class=\"elementor-element elementor-element-c0ef63d elementor-widget elementor-widget-heading\" data-id=\"c0ef63d\" data-element_type=\"widget\" data-widget_type=\"heading.default\">\n\t\t\t\t<div class=\"elementor-widget-container\">\n\t\t\t\t\t<h2 class=\"elementor-heading-title elementor-size-default\">V\u00e5rt team<\/h2>\t\t\t\t<\/div>\n\t\t\t\t<\/div>\n\t\t\t\t<div class=\"elementor-element elementor-element-d6a0950 elementor-widget elementor-widget-text-editor\" data-id=\"d6a0950\" data-element_type=\"widget\" data-widget_type=\"text-editor.default\">\n\t\t\t\t<div class=\"elementor-widget-container\">\n\t\t\t\t\t\t\t\t\t<p>V\u00e5re dyktige selgere har bred kompetanse og mange \u00e5rs erfaring innen salg av taktekking og ventilasjons produkter. Enten du \u00f8nsker et nytt tak, vedlikehold, eller ny ventilasjon, er vi klare til \u00e5 hjelpe deg.<\/p>\t\t\t\t\t\t\t\t<\/div>\n\t\t\t\t<\/div>\n\t\t\t\t<div class=\"elementor-element elementor-element-26f03cd elementor-widget elementor-widget-heading\" data-id=\"26f03cd\" data-element_type=\"widget\" data-widget_type=\"heading.default\">\n\t\t\t\t<div class=\"elementor-widget-container\">\n\t\t\t\t\t<h2 class=\"elementor-heading-title elementor-size-default\">Taktekking<\/h2>\t\t\t\t<\/div>\n\t\t\t\t<\/div>\n\t\t\t\t<div class=\"elementor-element elementor-element-d84f5b4 elementor-widget elementor-widget-text-editor\" data-id=\"d84f5b4\" data-element_type=\"widget\" data-widget_type=\"text-editor.default\">\n\t\t\t\t<div class=\"elementor-widget-container\">\n\t\t\t\t\t\t\t\t\t<p>Sammen med v\u00e5re leverand\u00f8rer kan vi veilede deg dersom du skal bytte tak eller reparere en skade.<\/p>\t\t\t\t\t\t\t\t<\/div>\n\t\t\t\t<\/div>\n\t\t\t\t<div class=\"elementor-element elementor-element-ab71bce elementor-widget elementor-widget-heading\" data-id=\"ab71bce\" data-element_type=\"widget\" data-widget_type=\"heading.default\">\n\t\t\t\t<div class=\"elementor-widget-container\">\n\t\t\t\t\t<h2 class=\"elementor-heading-title elementor-size-default\">Hva vi tilbyr<\/h2>\t\t\t\t<\/div>\n\t\t\t\t<\/div>\n\t\t\t\t<div class=\"elementor-element elementor-element-9d3517b elementor-widget elementor-widget-text-editor\" data-id=\"9d3517b\" data-element_type=\"widget\" data-widget_type=\"text-editor.default\">\n\t\t\t\t<div class=\"elementor-widget-container\">\n\t\t\t\t\t\t\t\t\t<p>Tak og Ventilasjon AS tilbyr produkter fra et bredt spekter av leverand\u00f8rer:<\/p>\t\t\t\t\t\t\t\t<\/div>\n\t\t\t\t<\/div>\n\t\t\t\t<div class=\"elementor-element elementor-element-98765d0 elementor-widget elementor-widget-heading\" data-id=\"98765d0\" data-element_type=\"widget\" data-widget_type=\"heading.default\">\n\t\t\t\t<div class=\"elementor-widget-container\">\n\t\t\t\t\t<h2 class=\"elementor-heading-title elementor-size-default\">Taktekking<\/h2>\t\t\t\t<\/div>\n\t\t\t\t<\/div>\n\t\t\t\t<div class=\"elementor-element elementor-element-02970aa elementor-widget elementor-widget-text-editor\" data-id=\"02970aa\" data-element_type=\"widget\" data-widget_type=\"text-editor.default\">\n\t\t\t\t<div class=\"elementor-widget-container\">\n\t\t\t\t\t\t\t\t\t<p>Sammen med v\u00e5re leverand\u00f8rer kan vi veilede deg dersom du skal bytte tak eller reparere en skade.<\/p>\t\t\t\t\t\t\t\t<\/div>\n\t\t\t\t<\/div>\n\t\t\t\t<div class=\"elementor-element elementor-element-f318f83 elementor-widget elementor-widget-heading\" data-id=\"f318f83\" data-element_type=\"widget\" data-widget_type=\"heading.default\">\n\t\t\t\t<div class=\"elementor-widget-container\">\n\t\t\t\t\t<h2 class=\"elementor-heading-title elementor-size-default\">Ventilasjonssystemer<\/h2>\t\t\t\t<\/div>\n\t\t\t\t<\/div>\n\t\t\t\t<div class=\"elementor-element elementor-element-c204294 elementor-widget elementor-widget-text-editor\" data-id=\"c204294\" data-element_type=\"widget\" data-widget_type=\"text-editor.default\">\n\t\t\t\t<div class=\"elementor-widget-container\">\n\t\t\t\t\t\t\t\t\t<p>Vi leverer komplette ventilasjonsanlegg som sikrer et godt inneklima, med fokus p\u00e5 energieffektivitet og komfort.<\/p>\t\t\t\t\t\t\t\t<\/div>\n\t\t\t\t<\/div>\n\t\t\t\t<div class=\"elementor-element elementor-element-5e7167b elementor-widget elementor-widget-heading\" data-id=\"5e7167b\" data-element_type=\"widget\" data-widget_type=\"heading.default\">\n\t\t\t\t<div class=\"elementor-widget-container\">\n\t\t\t\t\t<h2 class=\"elementor-heading-title elementor-size-default\">Service og vedlikehold<\/h2>\t\t\t\t<\/div>\n\t\t\t\t<\/div>\n\t\t\t\t<div class=\"elementor-element elementor-element-60179c6 elementor-widget elementor-widget-text-editor\" data-id=\"60179c6\" data-element_type=\"widget\" data-widget_type=\"text-editor.default\">\n\t\t\t\t<div class=\"elementor-widget-container\">\n\t\t\t\t\t\t\t\t\t<p>TVi skaffer deg reservedeler fra v\u00e5re leverand\u00f8rer. V\u00e5rt s\u00f8sterselskap Fana Blikk AS, tilbyr service og vedlikeholdstjenester for \u00e5 sikre ditt tak og ventilasjonssystem fungerer optimalt, \u00e5r etter \u00e5r.<\/p>\t\t\t\t\t\t\t\t<\/div>\n\t\t\t\t<\/div>\n\t\t\t\t\t<\/div>\n\t\t<\/div>\n\t\t\t\t<div class=\"elementor-column elementor-col-50 elementor-top-column elementor-element elementor-element-c779142\" data-id=\"c779142\" data-element_type=\"column\">\n\t\t\t<div class=\"elementor-widget-wrap elementor-element-populated\">\n\t\t\t\t\t\t<div class=\"elementor-element elementor-element-7af2c4f elementor-widget elementor-widget-image\" data-id=\"7af2c4f\" data-element_type=\"widget\" data-widget_type=\"image.default\">\n\t\t\t\t<div class=\"elementor-widget-container\">\n\t\t\t\t\t\t\t\t\t\t\t\t\t\t\t<img fetchpriority=\"high\" decoding=\"async\" width=\"666\" height=\"459\" src=\"https:\/\/mediavesthosting.com\/takogventilasjon\/wp-content\/uploads\/2024\/10\/Cocktail-80-hvitt-glass-RV.jpg\" class=\"attachment-full size-full wp-image-6532\" alt=\"\" srcset=\"https:\/\/mediavesthosting.com\/takogventilasjon\/wp-content\/uploads\/2024\/10\/Cocktail-80-hvitt-glass-RV.jpg 666w, https:\/\/mediavesthosting.com\/takogventilasjon\/wp-content\/uploads\/2024\/10\/Cocktail-80-hvitt-glass-RV-300x207.jpg 300w, https:\/\/mediavesthosting.com\/takogventilasjon\/wp-content\/uploads\/2024\/10\/Cocktail-80-hvitt-glass-RV-600x414.jpg 600w\" sizes=\"(max-width: 666px) 100vw, 666px\" \/>\t\t\t\t\t\t\t\t\t\t\t\t\t\t\t<\/div>\n\t\t\t\t<\/div>\n\t\t\t\t<div class=\"elementor-element elementor-element-e5af73f elementor-widget elementor-widget-spacer\" data-id=\"e5af73f\" data-element_type=\"widget\" data-widget_type=\"spacer.default\">\n\t\t\t\t<div class=\"elementor-widget-container\">\n\t\t\t\t\t\t\t<div class=\"elementor-spacer\">\n\t\t\t<div class=\"elementor-spacer-inner\"><\/div>\n\t\t<\/div>\n\t\t\t\t\t\t<\/div>\n\t\t\t\t<\/div>\n\t\t\t\t<div class=\"elementor-element elementor-element-ba27a8a elementor-widget elementor-widget-image\" data-id=\"ba27a8a\" data-element_type=\"widget\" data-widget_type=\"image.default\">\n\t\t\t\t<div class=\"elementor-widget-container\">\n\t\t\t\t\t\t\t\t\t\t\t\t\t\t\t<img decoding=\"async\" width=\"666\" height=\"459\" src=\"https:\/\/mediavesthosting.com\/takogventilasjon\/wp-content\/uploads\/2024\/10\/Luna-90-RV-Borstet-messing2.jpg\" class=\"attachment-full size-full wp-image-6531\" alt=\"\" srcset=\"https:\/\/mediavesthosting.com\/takogventilasjon\/wp-content\/uploads\/2024\/10\/Luna-90-RV-Borstet-messing2.jpg 666w, https:\/\/mediavesthosting.com\/takogventilasjon\/wp-content\/uploads\/2024\/10\/Luna-90-RV-Borstet-messing2-300x207.jpg 300w, https:\/\/mediavesthosting.com\/takogventilasjon\/wp-content\/uploads\/2024\/10\/Luna-90-RV-Borstet-messing2-600x414.jpg 600w\" sizes=\"(max-width: 666px) 100vw, 666px\" \/>\t\t\t\t\t\t\t\t\t\t\t\t\t\t\t<\/div>\n\t\t\t\t<\/div>\n\t\t\t\t\t<\/div>\n\t\t<\/div>\n\t\t\t\t\t<\/div>\n\t\t<\/section>\n\t\t\t\t<section class=\"elementor-section elementor-top-section elementor-element elementor-element-28544bb elementor-section-boxed elementor-section-height-default elementor-section-height-default\" data-id=\"28544bb\" data-element_type=\"section\">\n\t\t\t\t\t\t<div class=\"elementor-container elementor-column-gap-default\">\n\t\t\t\t\t<div class=\"elementor-column elementor-col-100 elementor-top-column elementor-element elementor-element-d635177\" data-id=\"d635177\" data-element_type=\"column\">\n\t\t\t<div class=\"elementor-widget-wrap elementor-element-populated\">\n\t\t\t\t\t\t<div class=\"elementor-element elementor-element-b34741e elementor-widget elementor-widget-heading\" data-id=\"b34741e\" data-element_type=\"widget\" data-widget_type=\"heading.default\">\n\t\t\t\t<div class=\"elementor-widget-container\">\n\t\t\t\t\t<h2 class=\"elementor-heading-title elementor-size-default\">Blikkenslagverksted<\/h2>\t\t\t\t<\/div>\n\t\t\t\t<\/div>\n\t\t\t\t<div class=\"elementor-element elementor-element-914facd elementor-widget elementor-widget-text-editor\" data-id=\"914facd\" data-element_type=\"widget\" data-widget_type=\"text-editor.default\">\n\t\t\t\t<div class=\"elementor-widget-container\">\n\t\t\t\t\t\t\t\t\t<p>I etasjen over Tak og ventilasjonsbutikken i Fanaveien 39 p\u00e5 Skjold, ligger Fana Blikk AS sitt blikkenslagsverksted. Her kan du kj\u00f8pe &#8220;skreddersydde&#8221; beslag tilpasset dine m\u00e5l i de fleste metaller.<\/p>\t\t\t\t\t\t\t\t<\/div>\n\t\t\t\t<\/div>\n\t\t\t\t\t<\/div>\n\t\t<\/div>\n\t\t\t\t\t<\/div>\n\t\t<\/section>\n\t\t\t\t<section class=\"elementor-section elementor-top-section elementor-element elementor-element-eb2b3b9 elementor-section-boxed elementor-section-height-default elementor-section-height-default\" data-id=\"eb2b3b9\" data-element_type=\"section\">\n\t\t\t\t\t\t<div class=\"elementor-container elementor-column-gap-default\">\n\t\t\t\t\t<div class=\"elementor-column elementor-col-100 elementor-top-column elementor-element elementor-element-62f1c25\" data-id=\"62f1c25\" data-element_type=\"column\">\n\t\t\t<div class=\"elementor-widget-wrap elementor-element-populated\">\n\t\t\t\t\t\t<div class=\"elementor-element elementor-element-2623b72 elementor-widget elementor-widget-spacer\" data-id=\"2623b72\" data-element_type=\"widget\" data-widget_type=\"spacer.default\">\n\t\t\t\t<div class=\"elementor-widget-container\">\n\t\t\t\t\t\t\t<div class=\"elementor-spacer\">\n\t\t\t<div class=\"elementor-spacer-inner\"><\/div>\n\t\t<\/div>\n\t\t\t\t\t\t<\/div>\n\t\t\t\t<\/div>\n\t\t\t\t\t<\/div>\n\t\t<\/div>\n\t\t\t\t\t<\/div>\n\t\t<\/section>\n\t\t\t\t<\/div>\n\t\t","protected":false},"excerpt":{"rendered":"<p>Velkommen til oss Din leverand\u00f8r av tak og Ventilasjon i Bergen V\u00e5r visjon Med en lidenskap for \u00e5 levere solide varige l\u00f8sninger, er v\u00e5rt m\u00e5l alltid \u00e5 m\u00f8te kundens forventninger. Vi tror p\u00e5 kvalitet i alle ledd, fra materialer til kundeservice. V\u00e5rt team V\u00e5re dyktige selgere har bred kompetanse og mange \u00e5rs erfaring innen salg [&hellip;]<\/p>\n","protected":false},"author":2,"featured_media":0,"parent":0,"menu_order":0,"comment_status":"closed","ping_status":"closed","template":"tpl-default-elementor.php","meta":{"footnotes":""},"class_list":["post-6526","page","type-page","status-publish","hentry"],"_links":{"self":[{"href":"https:\/\/mediavesthosting.com\/takogventilasjon\/wp-json\/wp\/v2\/pages\/6526","targetHints":{"allow":["GET"]}}],"collection":[{"href":"https:\/\/mediavesthosting.com\/takogventilasjon\/wp-json\/wp\/v2\/pages"}],"about":[{"href":"https:\/\/mediavesthosting.com\/takogventilasjon\/wp-json\/wp\/v2\/types\/page"}],"author":[{"embeddable":true,"href":"https:\/\/mediavesthosting.com\/takogventilasjon\/wp-json\/wp\/v2\/users\/2"}],"replies":[{"embeddable":true,"href":"https:\/\/mediavesthosting.com\/takogventilasjon\/wp-json\/wp\/v2\/comments?post=6526"}],"version-history":[{"count":30,"href":"https:\/\/mediavesthosting.com\/takogventilasjon\/wp-json\/wp\/v2\/pages\/6526\/revisions"}],"predecessor-version":[{"id":7198,"href":"https:\/\/mediavesthosting.com\/takogventilasjon\/wp-json\/wp\/v2\/pages\/6526\/revisions\/7198"}],"wp:attachment":[{"href":"https:\/\/mediavesthosting.com\/takogventilasjon\/wp-json\/wp\/v2\/media?parent=6526"}],"curies":[{"name":"wp","href":"https:\/\/api.w.org\/{rel}","templated":true}]}}