{"id":6136,"date":"2024-09-06T06:37:29","date_gmt":"2024-09-06T06:37:29","guid":{"rendered":"https:\/\/mediavesthosting.com\/takogventilasjon\/betongstein-copy\/"},"modified":"2025-08-12T07:38:20","modified_gmt":"2025-08-12T07:38:20","slug":"boligventilasjon","status":"publish","type":"page","link":"https:\/\/mediavesthosting.com\/takogventilasjon\/boligventilasjon\/","title":{"rendered":"Boligventilasjon"},"content":{"rendered":"\t\t<div data-elementor-type=\"wp-page\" data-elementor-id=\"6136\" class=\"elementor elementor-6136\" data-elementor-post-type=\"page\">\n\t\t\t\t\t\t<section class=\"elementor-section elementor-top-section elementor-element elementor-element-a535393 elementor-section-boxed elementor-section-height-default elementor-section-height-default\" data-id=\"a535393\" data-element_type=\"section\">\n\t\t\t\t\t\t<div class=\"elementor-container elementor-column-gap-no\">\n\t\t\t\t\t<div class=\"elementor-column elementor-col-100 elementor-top-column elementor-element elementor-element-a9eca7a\" data-id=\"a9eca7a\" data-element_type=\"column\">\n\t\t\t<div class=\"elementor-widget-wrap elementor-element-populated\">\n\t\t\t\t\t\t<div class=\"elementor-element elementor-element-9f64111 elementor-widget elementor-widget-spacer\" data-id=\"9f64111\" data-element_type=\"widget\" data-widget_type=\"spacer.default\">\n\t\t\t\t<div class=\"elementor-widget-container\">\n\t\t\t\t\t\t\t<div class=\"elementor-spacer\">\n\t\t\t<div class=\"elementor-spacer-inner\"><\/div>\n\t\t<\/div>\n\t\t\t\t\t\t<\/div>\n\t\t\t\t<\/div>\n\t\t\t\t<div class=\"elementor-element elementor-element-a37bafc elementor-widget elementor-widget-spacer\" data-id=\"a37bafc\" data-element_type=\"widget\" data-widget_type=\"spacer.default\">\n\t\t\t\t<div class=\"elementor-widget-container\">\n\t\t\t\t\t\t\t<div class=\"elementor-spacer\">\n\t\t\t<div class=\"elementor-spacer-inner\"><\/div>\n\t\t<\/div>\n\t\t\t\t\t\t<\/div>\n\t\t\t\t<\/div>\n\t\t\t\t<section class=\"elementor-section elementor-inner-section elementor-element elementor-element-8d920a6 elementor-section-boxed elementor-section-height-default elementor-section-height-default\" data-id=\"8d920a6\" data-element_type=\"section\">\n\t\t\t\t\t\t<div class=\"elementor-container elementor-column-gap-default\">\n\t\t\t\t\t<div class=\"elementor-column elementor-col-50 elementor-inner-column elementor-element elementor-element-c86163b\" data-id=\"c86163b\" data-element_type=\"column\">\n\t\t\t<div class=\"elementor-widget-wrap elementor-element-populated\">\n\t\t\t\t\t\t<div class=\"elementor-element elementor-element-6ddc695 elementor-widget elementor-widget-heading\" data-id=\"6ddc695\" data-element_type=\"widget\" data-widget_type=\"heading.default\">\n\t\t\t\t<div class=\"elementor-widget-container\">\n\t\t\t\t\t<h2 class=\"elementor-heading-title elementor-size-default\">Boligventilasjon<\/h2>\t\t\t\t<\/div>\n\t\t\t\t<\/div>\n\t\t\t\t<div class=\"elementor-element elementor-element-096ee30 elementor-widget elementor-widget-text-editor\" data-id=\"096ee30\" data-element_type=\"widget\" data-widget_type=\"text-editor.default\">\n\t\t\t\t<div class=\"elementor-widget-container\">\n\t\t\t\t\t\t\t\t\t<p>God boligventilasjon er essensielt for et sunt og behagelig innemilj\u00f8. Et velfungerende ventilasjonssystem sikrer at luften i hjemmet sirkulerer effektivt, fjerner fuktighet og forurensning, og tilf\u00f8rer frisk luft utenfra. Dette bidrar til \u00e5 forhindre problemer som d\u00e5rlig inneklima, muggdannelse og allergiske reaksjoner, samtidig som det \u00f8ker komforten for alle som bor i huset.<\/p><p>Det finnes ulike ventilasjonssystemer tilpasset forskjellige boligtyper, fra naturlig ventilasjon til avanserte balanserte systemer med varmegjenvinning. Moderne ventilasjonsl\u00f8sninger reduserer energiforbruket ved \u00e5 utnytte varmen fra brukt luft til \u00e5 varme opp frisk luft som kommer inn i boligen. Dette gj\u00f8r boligventilasjon ikke bare til et helseforbedrende tiltak, men ogs\u00e5 en energieffektiv l\u00f8sning som kan bidra til lavere str\u00f8mregninger.<\/p><p>Med profesjonelt installerte ventilasjonssystemer f\u00e5r du et hjem med jevn temperatur, frisk luft og lavere fuktighet \u2013 noe som gir et sunnere, mer komfortabelt bomilj\u00f8 for deg og din familie.<\/p>\t\t\t\t\t\t\t\t<\/div>\n\t\t\t\t<\/div>\n\t\t\t\t<div class=\"elementor-element elementor-element-005fbd0 elementor-widget elementor-widget-ucaddon_blox_btn_group\" data-id=\"005fbd0\" data-element_type=\"widget\" data-widget_type=\"ucaddon_blox_btn_group.default\">\n\t\t\t\t<div class=\"elementor-widget-container\">\n\t\t\t\t\t\n<!-- start Button Group -->\n\t\t<link id='font-awesome-css' href='https:\/\/mediavesthosting.com\/takogventilasjon\/wp-content\/plugins\/unlimited-elements-for-elementor-premium\/assets_libraries\/font-awesome6\/fontawesome-all.min.css' type='text\/css' rel='stylesheet' >\n\t\t<link id='font-awesome-4-shim-css' href='https:\/\/mediavesthosting.com\/takogventilasjon\/wp-content\/plugins\/unlimited-elements-for-elementor-premium\/assets_libraries\/font-awesome6\/fontawesome-v4-shims.min.css' type='text\/css' rel='stylesheet' >\n\n<style>\/* widget: Button Group *\/\n\n#uc_blox_btn_group_elementor_005fbd0\n{\n  display:flex;\n  flex-wrap: wrap;\n}\n\n#uc_blox_btn_group_elementor_005fbd0 a\n{\n  display:block;\n  text-decoration:none;\n  transition:0.3s;\n\n}\n\n#uc_blox_btn_group_elementor_005fbd0 .blox_btn_group_inner\n{\n  display:inline-flex;\n  align-items:center;\n}\n\n#uc_blox_btn_group_elementor_005fbd0 .blox_btn_group_inner .ue-btn-icon\n{\n  line-height:1em;\n}\n\n#uc_blox_btn_group_elementor_005fbd0 .blox_btn_group_inner .ue-btn-icon svg\n{\n  height:1em;\n  width:1em;\n}\n\n<\/style>\n\n<div id=\"uc_blox_btn_group_elementor_005fbd0\" class=\"blox_btn_group uc-items-wrapper \" >\n  <a class=\"elementor-repeater-item-5292b98 \" href=\"https:\/\/www.nettbutikk.takogventilasjon.no\/\" id=\"uc_blox_btn_group_elementor_005fbd0_item1\"  target='_blank'>\n  <div class=\"blox_btn_group_inner\">\n        <div class=\"ue-btn-txt\">Til nettbutikk<\/div>\n  <\/div>\n<\/a>\n<a class=\"elementor-repeater-item-e560ea7 \" href=\"https:\/\/mediavesthosting.com\/takogventilasjon\/kontakt\/\" id=\"uc_blox_btn_group_elementor_005fbd0_item2\" >\n  <div class=\"blox_btn_group_inner\">\n        <div class=\"ue-btn-txt\">Til kontaktskjema<\/div>\n  <\/div>\n<\/a>\n\n  \n\n\n<\/div>\n<!-- end Button Group -->\t\t\t\t<\/div>\n\t\t\t\t<\/div>\n\t\t\t\t<div class=\"elementor-element elementor-element-7b77909 elementor-widget elementor-widget-spacer\" data-id=\"7b77909\" data-element_type=\"widget\" data-widget_type=\"spacer.default\">\n\t\t\t\t<div class=\"elementor-widget-container\">\n\t\t\t\t\t\t\t<div class=\"elementor-spacer\">\n\t\t\t<div class=\"elementor-spacer-inner\"><\/div>\n\t\t<\/div>\n\t\t\t\t\t\t<\/div>\n\t\t\t\t<\/div>\n\t\t\t\t<div class=\"elementor-element elementor-element-9a5325c elementor-widget elementor-widget-heading\" data-id=\"9a5325c\" data-element_type=\"widget\" data-widget_type=\"heading.default\">\n\t\t\t\t<div class=\"elementor-widget-container\">\n\t\t\t\t\t<h2 class=\"elementor-heading-title elementor-size-default\">Leverand\u00f8rer<\/h2>\t\t\t\t<\/div>\n\t\t\t\t<\/div>\n\t\t\t\t<div class=\"elementor-element elementor-element-efabc26 elementor-widget elementor-widget-image-gallery\" data-id=\"efabc26\" data-element_type=\"widget\" data-widget_type=\"image-gallery.default\">\n\t\t\t\t<div class=\"elementor-widget-container\">\n\t\t\t\t\t\t\t<div class=\"elementor-image-gallery\">\n\t\t\t<div id='gallery-1' class='gallery galleryid-6136 gallery-columns-4 gallery-size-full'><figure class='gallery-item'>\n\t\t\t<div class='gallery-icon landscape'>\n\t\t\t\t<a data-elementor-open-lightbox=\"yes\" data-elementor-lightbox-slideshow=\"efabc26\" data-elementor-lightbox-title=\"logo leverand\u00f8rer tak og ventilasjon(17)\" data-e-action-hash=\"#elementor-action%3Aaction%3Dlightbox%26settings%3DeyJpZCI6NjM2OCwidXJsIjoiaHR0cHM6XC9cL21lZGlhdmVzdGhvc3RpbmcuY29tXC90YWtvZ3ZlbnRpbGFzam9uXC93cC1jb250ZW50XC91cGxvYWRzXC8yMDI0XC8wOVwvbG9nby1sZXZlcmFuZG9yZXItdGFrLW9nLXZlbnRpbGFzam9uMTcucG5nIiwic2xpZGVzaG93IjoiZWZhYmMyNiJ9\" href='https:\/\/mediavesthosting.com\/takogventilasjon\/wp-content\/uploads\/2024\/09\/logo-leverandorer-tak-og-ventilasjon17.png'><img fetchpriority=\"high\" decoding=\"async\" width=\"500\" height=\"300\" src=\"https:\/\/mediavesthosting.com\/takogventilasjon\/wp-content\/uploads\/2024\/09\/logo-leverandorer-tak-og-ventilasjon17.png\" class=\"attachment-full size-full\" alt=\"\" srcset=\"https:\/\/mediavesthosting.com\/takogventilasjon\/wp-content\/uploads\/2024\/09\/logo-leverandorer-tak-og-ventilasjon17.png 500w, https:\/\/mediavesthosting.com\/takogventilasjon\/wp-content\/uploads\/2024\/09\/logo-leverandorer-tak-og-ventilasjon17-300x180.png 300w\" sizes=\"(max-width: 500px) 100vw, 500px\" \/><\/a>\n\t\t\t<\/div><\/figure><figure class='gallery-item'>\n\t\t\t<div class='gallery-icon landscape'>\n\t\t\t\t<a data-elementor-open-lightbox=\"yes\" data-elementor-lightbox-slideshow=\"efabc26\" data-elementor-lightbox-title=\"logo leverand\u00f8rer tak og ventilasjon(16)\" data-e-action-hash=\"#elementor-action%3Aaction%3Dlightbox%26settings%3DeyJpZCI6NjM2OSwidXJsIjoiaHR0cHM6XC9cL21lZGlhdmVzdGhvc3RpbmcuY29tXC90YWtvZ3ZlbnRpbGFzam9uXC93cC1jb250ZW50XC91cGxvYWRzXC8yMDI0XC8wOVwvbG9nby1sZXZlcmFuZG9yZXItdGFrLW9nLXZlbnRpbGFzam9uMTYucG5nIiwic2xpZGVzaG93IjoiZWZhYmMyNiJ9\" href='https:\/\/mediavesthosting.com\/takogventilasjon\/wp-content\/uploads\/2024\/09\/logo-leverandorer-tak-og-ventilasjon16.png'><img decoding=\"async\" width=\"500\" height=\"300\" src=\"https:\/\/mediavesthosting.com\/takogventilasjon\/wp-content\/uploads\/2024\/09\/logo-leverandorer-tak-og-ventilasjon16.png\" class=\"attachment-full size-full\" alt=\"\" srcset=\"https:\/\/mediavesthosting.com\/takogventilasjon\/wp-content\/uploads\/2024\/09\/logo-leverandorer-tak-og-ventilasjon16.png 500w, https:\/\/mediavesthosting.com\/takogventilasjon\/wp-content\/uploads\/2024\/09\/logo-leverandorer-tak-og-ventilasjon16-300x180.png 300w\" sizes=\"(max-width: 500px) 100vw, 500px\" \/><\/a>\n\t\t\t<\/div><\/figure><figure class='gallery-item'>\n\t\t\t<div class='gallery-icon landscape'>\n\t\t\t\t<a data-elementor-open-lightbox=\"yes\" data-elementor-lightbox-slideshow=\"efabc26\" data-elementor-lightbox-title=\"logo leverand\u00f8rer tak og ventilasjon(15)\" data-e-action-hash=\"#elementor-action%3Aaction%3Dlightbox%26settings%3DeyJpZCI6NjM3MCwidXJsIjoiaHR0cHM6XC9cL21lZGlhdmVzdGhvc3RpbmcuY29tXC90YWtvZ3ZlbnRpbGFzam9uXC93cC1jb250ZW50XC91cGxvYWRzXC8yMDI0XC8wOVwvbG9nby1sZXZlcmFuZG9yZXItdGFrLW9nLXZlbnRpbGFzam9uMTUucG5nIiwic2xpZGVzaG93IjoiZWZhYmMyNiJ9\" href='https:\/\/mediavesthosting.com\/takogventilasjon\/wp-content\/uploads\/2024\/09\/logo-leverandorer-tak-og-ventilasjon15.png'><img decoding=\"async\" width=\"500\" height=\"300\" src=\"https:\/\/mediavesthosting.com\/takogventilasjon\/wp-content\/uploads\/2024\/09\/logo-leverandorer-tak-og-ventilasjon15.png\" class=\"attachment-full size-full\" alt=\"\" srcset=\"https:\/\/mediavesthosting.com\/takogventilasjon\/wp-content\/uploads\/2024\/09\/logo-leverandorer-tak-og-ventilasjon15.png 500w, https:\/\/mediavesthosting.com\/takogventilasjon\/wp-content\/uploads\/2024\/09\/logo-leverandorer-tak-og-ventilasjon15-300x180.png 300w\" sizes=\"(max-width: 500px) 100vw, 500px\" \/><\/a>\n\t\t\t<\/div><\/figure><figure class='gallery-item'>\n\t\t\t<div class='gallery-icon landscape'>\n\t\t\t\t<a data-elementor-open-lightbox=\"yes\" data-elementor-lightbox-slideshow=\"efabc26\" data-elementor-lightbox-title=\"logo leverand\u00f8rer tak og ventilasjon(14)\" data-e-action-hash=\"#elementor-action%3Aaction%3Dlightbox%26settings%3DeyJpZCI6NjM3MSwidXJsIjoiaHR0cHM6XC9cL21lZGlhdmVzdGhvc3RpbmcuY29tXC90YWtvZ3ZlbnRpbGFzam9uXC93cC1jb250ZW50XC91cGxvYWRzXC8yMDI0XC8wOVwvbG9nby1sZXZlcmFuZG9yZXItdGFrLW9nLXZlbnRpbGFzam9uMTQucG5nIiwic2xpZGVzaG93IjoiZWZhYmMyNiJ9\" href='https:\/\/mediavesthosting.com\/takogventilasjon\/wp-content\/uploads\/2024\/09\/logo-leverandorer-tak-og-ventilasjon14.png'><img loading=\"lazy\" decoding=\"async\" width=\"500\" height=\"300\" src=\"https:\/\/mediavesthosting.com\/takogventilasjon\/wp-content\/uploads\/2024\/09\/logo-leverandorer-tak-og-ventilasjon14.png\" class=\"attachment-full size-full\" alt=\"\" srcset=\"https:\/\/mediavesthosting.com\/takogventilasjon\/wp-content\/uploads\/2024\/09\/logo-leverandorer-tak-og-ventilasjon14.png 500w, https:\/\/mediavesthosting.com\/takogventilasjon\/wp-content\/uploads\/2024\/09\/logo-leverandorer-tak-og-ventilasjon14-300x180.png 300w\" sizes=\"(max-width: 500px) 100vw, 500px\" \/><\/a>\n\t\t\t<\/div><\/figure><figure class='gallery-item'>\n\t\t\t<div class='gallery-icon landscape'>\n\t\t\t\t<a data-elementor-open-lightbox=\"yes\" data-elementor-lightbox-slideshow=\"efabc26\" data-elementor-lightbox-title=\"logo leverand\u00f8rer tak og ventilasjon(13)\" data-e-action-hash=\"#elementor-action%3Aaction%3Dlightbox%26settings%3DeyJpZCI6NjM3MiwidXJsIjoiaHR0cHM6XC9cL21lZGlhdmVzdGhvc3RpbmcuY29tXC90YWtvZ3ZlbnRpbGFzam9uXC93cC1jb250ZW50XC91cGxvYWRzXC8yMDI0XC8wOVwvbG9nby1sZXZlcmFuZG9yZXItdGFrLW9nLXZlbnRpbGFzam9uMTMucG5nIiwic2xpZGVzaG93IjoiZWZhYmMyNiJ9\" href='https:\/\/mediavesthosting.com\/takogventilasjon\/wp-content\/uploads\/2024\/09\/logo-leverandorer-tak-og-ventilasjon13.png'><img loading=\"lazy\" decoding=\"async\" width=\"500\" height=\"300\" src=\"https:\/\/mediavesthosting.com\/takogventilasjon\/wp-content\/uploads\/2024\/09\/logo-leverandorer-tak-og-ventilasjon13.png\" class=\"attachment-full size-full\" alt=\"\" srcset=\"https:\/\/mediavesthosting.com\/takogventilasjon\/wp-content\/uploads\/2024\/09\/logo-leverandorer-tak-og-ventilasjon13.png 500w, https:\/\/mediavesthosting.com\/takogventilasjon\/wp-content\/uploads\/2024\/09\/logo-leverandorer-tak-og-ventilasjon13-300x180.png 300w\" sizes=\"(max-width: 500px) 100vw, 500px\" \/><\/a>\n\t\t\t<\/div><\/figure>\n\t\t<\/div>\n\t\t<\/div>\n\t\t\t\t\t\t<\/div>\n\t\t\t\t<\/div>\n\t\t\t\t\t<\/div>\n\t\t<\/div>\n\t\t\t\t<div class=\"elementor-column elementor-col-50 elementor-inner-column elementor-element elementor-element-7476423\" data-id=\"7476423\" data-element_type=\"column\">\n\t\t\t<div class=\"elementor-widget-wrap elementor-element-populated\">\n\t\t\t\t\t\t<div class=\"elementor-element elementor-element-fde7501 elementor-widget elementor-widget-image\" data-id=\"fde7501\" data-element_type=\"widget\" data-widget_type=\"image.default\">\n\t\t\t\t<div class=\"elementor-widget-container\">\n\t\t\t\t\t\t\t\t\t\t\t\t\t\t\t<img loading=\"lazy\" decoding=\"async\" width=\"370\" height=\"267\" src=\"https:\/\/mediavesthosting.com\/takogventilasjon\/wp-content\/uploads\/2024\/11\/Design-uten-navn417.png\" class=\"attachment-large size-large wp-image-6667\" alt=\"\" srcset=\"https:\/\/mediavesthosting.com\/takogventilasjon\/wp-content\/uploads\/2024\/11\/Design-uten-navn417.png 370w, https:\/\/mediavesthosting.com\/takogventilasjon\/wp-content\/uploads\/2024\/11\/Design-uten-navn417-300x216.png 300w\" sizes=\"(max-width: 370px) 100vw, 370px\" \/>\t\t\t\t\t\t\t\t\t\t\t\t\t\t\t<\/div>\n\t\t\t\t<\/div>\n\t\t\t\t\t<\/div>\n\t\t<\/div>\n\t\t\t\t\t<\/div>\n\t\t<\/section>\n\t\t\t\t<div class=\"elementor-element elementor-element-6f951a4 elementor-widget elementor-widget-spacer\" data-id=\"6f951a4\" data-element_type=\"widget\" data-widget_type=\"spacer.default\">\n\t\t\t\t<div class=\"elementor-widget-container\">\n\t\t\t\t\t\t\t<div class=\"elementor-spacer\">\n\t\t\t<div class=\"elementor-spacer-inner\"><\/div>\n\t\t<\/div>\n\t\t\t\t\t\t<\/div>\n\t\t\t\t<\/div>\n\t\t\t\t\t<\/div>\n\t\t<\/div>\n\t\t\t\t\t<\/div>\n\t\t<\/section>\n\t\t\t\t<\/div>\n\t\t","protected":false},"excerpt":{"rendered":"<p>Boligventilasjon God boligventilasjon er essensielt for et sunt og behagelig innemilj\u00f8. Et velfungerende ventilasjonssystem sikrer at luften i hjemmet sirkulerer effektivt, fjerner fuktighet og forurensning, og tilf\u00f8rer frisk luft utenfra. Dette bidrar til \u00e5 forhindre problemer som d\u00e5rlig inneklima, muggdannelse og allergiske reaksjoner, samtidig som det \u00f8ker komforten for alle som bor i huset. Det [&hellip;]<\/p>\n","protected":false},"author":2,"featured_media":0,"parent":0,"menu_order":0,"comment_status":"closed","ping_status":"closed","template":"tpl-default-elementor.php","meta":{"footnotes":""},"class_list":["post-6136","page","type-page","status-publish","hentry"],"_links":{"self":[{"href":"https:\/\/mediavesthosting.com\/takogventilasjon\/wp-json\/wp\/v2\/pages\/6136","targetHints":{"allow":["GET"]}}],"collection":[{"href":"https:\/\/mediavesthosting.com\/takogventilasjon\/wp-json\/wp\/v2\/pages"}],"about":[{"href":"https:\/\/mediavesthosting.com\/takogventilasjon\/wp-json\/wp\/v2\/types\/page"}],"author":[{"embeddable":true,"href":"https:\/\/mediavesthosting.com\/takogventilasjon\/wp-json\/wp\/v2\/users\/2"}],"replies":[{"embeddable":true,"href":"https:\/\/mediavesthosting.com\/takogventilasjon\/wp-json\/wp\/v2\/comments?post=6136"}],"version-history":[{"count":22,"href":"https:\/\/mediavesthosting.com\/takogventilasjon\/wp-json\/wp\/v2\/pages\/6136\/revisions"}],"predecessor-version":[{"id":7129,"href":"https:\/\/mediavesthosting.com\/takogventilasjon\/wp-json\/wp\/v2\/pages\/6136\/revisions\/7129"}],"wp:attachment":[{"href":"https:\/\/mediavesthosting.com\/takogventilasjon\/wp-json\/wp\/v2\/media?parent=6136"}],"curies":[{"name":"wp","href":"https:\/\/api.w.org\/{rel}","templated":true}]}}