{"id":6107,"date":"2024-09-05T11:09:52","date_gmt":"2024-09-05T11:09:52","guid":{"rendered":"https:\/\/mediavesthosting.com\/takogventilasjon\/kjokkenhetter-reservedeler-copy\/"},"modified":"2025-08-12T07:45:52","modified_gmt":"2025-08-12T07:45:52","slug":"luftavfukter","status":"publish","type":"page","link":"https:\/\/mediavesthosting.com\/takogventilasjon\/luftavfukter\/","title":{"rendered":"Luftavfukter"},"content":{"rendered":"\t\t<div data-elementor-type=\"wp-page\" data-elementor-id=\"6107\" class=\"elementor elementor-6107\" data-elementor-post-type=\"page\">\n\t\t\t\t\t\t<section class=\"elementor-section elementor-top-section elementor-element elementor-element-adfa860 elementor-section-boxed elementor-section-height-default elementor-section-height-default\" data-id=\"adfa860\" data-element_type=\"section\">\n\t\t\t\t\t\t<div class=\"elementor-container elementor-column-gap-no\">\n\t\t\t\t\t<div class=\"elementor-column elementor-col-100 elementor-top-column elementor-element elementor-element-433059a\" data-id=\"433059a\" data-element_type=\"column\">\n\t\t\t<div class=\"elementor-widget-wrap elementor-element-populated\">\n\t\t\t\t\t\t<div class=\"elementor-element elementor-element-966db7b elementor-widget elementor-widget-spacer\" data-id=\"966db7b\" data-element_type=\"widget\" data-widget_type=\"spacer.default\">\n\t\t\t\t<div class=\"elementor-widget-container\">\n\t\t\t\t\t\t\t<div class=\"elementor-spacer\">\n\t\t\t<div class=\"elementor-spacer-inner\"><\/div>\n\t\t<\/div>\n\t\t\t\t\t\t<\/div>\n\t\t\t\t<\/div>\n\t\t\t\t<div class=\"elementor-element elementor-element-4a6bc92 elementor-widget elementor-widget-spacer\" data-id=\"4a6bc92\" data-element_type=\"widget\" data-widget_type=\"spacer.default\">\n\t\t\t\t<div class=\"elementor-widget-container\">\n\t\t\t\t\t\t\t<div class=\"elementor-spacer\">\n\t\t\t<div class=\"elementor-spacer-inner\"><\/div>\n\t\t<\/div>\n\t\t\t\t\t\t<\/div>\n\t\t\t\t<\/div>\n\t\t\t\t<section class=\"elementor-section elementor-inner-section elementor-element elementor-element-bd82412 elementor-section-boxed elementor-section-height-default elementor-section-height-default\" data-id=\"bd82412\" data-element_type=\"section\">\n\t\t\t\t\t\t<div class=\"elementor-container elementor-column-gap-default\">\n\t\t\t\t\t<div class=\"elementor-column elementor-col-50 elementor-inner-column elementor-element elementor-element-5a04c72\" data-id=\"5a04c72\" data-element_type=\"column\">\n\t\t\t<div class=\"elementor-widget-wrap elementor-element-populated\">\n\t\t\t\t\t\t<div class=\"elementor-element elementor-element-4fca0a5 elementor-widget elementor-widget-heading\" data-id=\"4fca0a5\" data-element_type=\"widget\" data-widget_type=\"heading.default\">\n\t\t\t\t<div class=\"elementor-widget-container\">\n\t\t\t\t\t<h2 class=\"elementor-heading-title elementor-size-default\">Luftavfukter<\/h2>\t\t\t\t<\/div>\n\t\t\t\t<\/div>\n\t\t\t\t<div class=\"elementor-element elementor-element-bc5430d elementor-widget elementor-widget-text-editor\" data-id=\"bc5430d\" data-element_type=\"widget\" data-widget_type=\"text-editor.default\">\n\t\t\t\t<div class=\"elementor-widget-container\">\n\t\t\t\t\t\t\t\t\t<p>En luftavfukter er et effektivt verkt\u00f8y for \u00e5 redusere overfl\u00f8dig fuktighet i hjemmet, noe som er viktig for \u00e5 opprettholde et sunt inneklima. H\u00f8y luftfuktighet kan f\u00f8re til problemer som muggdannelse, d\u00e5rlig lukt og \u00f8kt risiko for allergier. Ved \u00e5 bruke en luftavfukter kan du forhindre fuktskader p\u00e5 m\u00f8bler, vegger og eiendommen, samtidig som du skaper et mer behagelig bomilj\u00f8.<\/p><p>Moderne luftavfuktere er enkle \u00e5 bruke, stilleg\u00e5ende og energieffektive, og kan tilpasses forskjellige romst\u00f8rrelser og behov. De er ideelle for kjellere, vaskerom, baderom eller andre omr\u00e5der hvor fuktproblemer ofte oppst\u00e5r. Med en luftavfukter f\u00e5r du bedre kontroll over luftfuktigheten, noe som bidrar til \u00e5 beskytte hjemmet ditt mot fuktrelaterte skader, samtidig som det fremmer et sunnere innemilj\u00f8.<\/p>\t\t\t\t\t\t\t\t<\/div>\n\t\t\t\t<\/div>\n\t\t\t\t<div class=\"elementor-element elementor-element-c8f8c7a elementor-widget elementor-widget-ucaddon_blox_btn_group\" data-id=\"c8f8c7a\" data-element_type=\"widget\" data-widget_type=\"ucaddon_blox_btn_group.default\">\n\t\t\t\t<div class=\"elementor-widget-container\">\n\t\t\t\t\t\n<!-- start Button Group -->\n\t\t<link id='font-awesome-css' href='https:\/\/mediavesthosting.com\/takogventilasjon\/wp-content\/plugins\/unlimited-elements-for-elementor-premium\/assets_libraries\/font-awesome6\/fontawesome-all.min.css' type='text\/css' rel='stylesheet' >\n\t\t<link id='font-awesome-4-shim-css' href='https:\/\/mediavesthosting.com\/takogventilasjon\/wp-content\/plugins\/unlimited-elements-for-elementor-premium\/assets_libraries\/font-awesome6\/fontawesome-v4-shims.min.css' type='text\/css' rel='stylesheet' >\n\n<style>\/* widget: Button Group *\/\n\n#uc_blox_btn_group_elementor_c8f8c7a\n{\n  display:flex;\n  flex-wrap: wrap;\n}\n\n#uc_blox_btn_group_elementor_c8f8c7a a\n{\n  display:block;\n  text-decoration:none;\n  transition:0.3s;\n\n}\n\n#uc_blox_btn_group_elementor_c8f8c7a .blox_btn_group_inner\n{\n  display:inline-flex;\n  align-items:center;\n}\n\n#uc_blox_btn_group_elementor_c8f8c7a .blox_btn_group_inner .ue-btn-icon\n{\n  line-height:1em;\n}\n\n#uc_blox_btn_group_elementor_c8f8c7a .blox_btn_group_inner .ue-btn-icon svg\n{\n  height:1em;\n  width:1em;\n}\n\n<\/style>\n\n<div id=\"uc_blox_btn_group_elementor_c8f8c7a\" class=\"blox_btn_group uc-items-wrapper \" >\n  <a class=\"elementor-repeater-item-5292b98 \" href=\"https:\/\/www.nettbutikk.takogventilasjon.no\/\" id=\"uc_blox_btn_group_elementor_c8f8c7a_item1\" >\n  <div class=\"blox_btn_group_inner\">\n        <div class=\"ue-btn-txt\">Til nettbutikk<\/div>\n  <\/div>\n<\/a>\n<a class=\"elementor-repeater-item-e560ea7 \" href=\"https:\/\/mediavesthosting.com\/takogventilasjon\/kontakt\/\" id=\"uc_blox_btn_group_elementor_c8f8c7a_item2\" >\n  <div class=\"blox_btn_group_inner\">\n        <div class=\"ue-btn-txt\">Til kontaktskjema<\/div>\n  <\/div>\n<\/a>\n\n  \n\n\n<\/div>\n<!-- end Button Group -->\t\t\t\t<\/div>\n\t\t\t\t<\/div>\n\t\t\t\t<div class=\"elementor-element elementor-element-1978227 elementor-widget elementor-widget-spacer\" data-id=\"1978227\" data-element_type=\"widget\" data-widget_type=\"spacer.default\">\n\t\t\t\t<div class=\"elementor-widget-container\">\n\t\t\t\t\t\t\t<div class=\"elementor-spacer\">\n\t\t\t<div class=\"elementor-spacer-inner\"><\/div>\n\t\t<\/div>\n\t\t\t\t\t\t<\/div>\n\t\t\t\t<\/div>\n\t\t\t\t<div class=\"elementor-element elementor-element-4a0abd1 elementor-widget elementor-widget-heading\" data-id=\"4a0abd1\" data-element_type=\"widget\" data-widget_type=\"heading.default\">\n\t\t\t\t<div class=\"elementor-widget-container\">\n\t\t\t\t\t<h2 class=\"elementor-heading-title elementor-size-default\">Leverand\u00f8rer<\/h2>\t\t\t\t<\/div>\n\t\t\t\t<\/div>\n\t\t\t\t<div class=\"elementor-element elementor-element-55bb03c elementor-widget elementor-widget-image-gallery\" data-id=\"55bb03c\" data-element_type=\"widget\" data-widget_type=\"image-gallery.default\">\n\t\t\t\t<div class=\"elementor-widget-container\">\n\t\t\t\t\t\t\t<div class=\"elementor-image-gallery\">\n\t\t\t<div id='gallery-1' class='gallery galleryid-6107 gallery-columns-4 gallery-size-full'><figure class='gallery-item'>\n\t\t\t<div class='gallery-icon landscape'>\n\t\t\t\t<a data-elementor-open-lightbox=\"yes\" data-elementor-lightbox-slideshow=\"55bb03c\" data-elementor-lightbox-title=\"logo leverand\u00f8rer tak og ventilasjon(17)\" data-e-action-hash=\"#elementor-action%3Aaction%3Dlightbox%26settings%3DeyJpZCI6NjM2OCwidXJsIjoiaHR0cHM6XC9cL21lZGlhdmVzdGhvc3RpbmcuY29tXC90YWtvZ3ZlbnRpbGFzam9uXC93cC1jb250ZW50XC91cGxvYWRzXC8yMDI0XC8wOVwvbG9nby1sZXZlcmFuZG9yZXItdGFrLW9nLXZlbnRpbGFzam9uMTcucG5nIiwic2xpZGVzaG93IjoiNTViYjAzYyJ9\" href='https:\/\/mediavesthosting.com\/takogventilasjon\/wp-content\/uploads\/2024\/09\/logo-leverandorer-tak-og-ventilasjon17.png'><img fetchpriority=\"high\" decoding=\"async\" width=\"500\" height=\"300\" src=\"https:\/\/mediavesthosting.com\/takogventilasjon\/wp-content\/uploads\/2024\/09\/logo-leverandorer-tak-og-ventilasjon17.png\" class=\"attachment-full size-full\" alt=\"\" srcset=\"https:\/\/mediavesthosting.com\/takogventilasjon\/wp-content\/uploads\/2024\/09\/logo-leverandorer-tak-og-ventilasjon17.png 500w, https:\/\/mediavesthosting.com\/takogventilasjon\/wp-content\/uploads\/2024\/09\/logo-leverandorer-tak-og-ventilasjon17-300x180.png 300w\" sizes=\"(max-width: 500px) 100vw, 500px\" \/><\/a>\n\t\t\t<\/div><\/figure>\n\t\t<\/div>\n\t\t<\/div>\n\t\t\t\t\t\t<\/div>\n\t\t\t\t<\/div>\n\t\t\t\t\t<\/div>\n\t\t<\/div>\n\t\t\t\t<div class=\"elementor-column elementor-col-50 elementor-inner-column elementor-element elementor-element-7e1ab78\" data-id=\"7e1ab78\" data-element_type=\"column\">\n\t\t\t<div class=\"elementor-widget-wrap elementor-element-populated\">\n\t\t\t\t\t\t<div class=\"elementor-element elementor-element-c7f8ba2 elementor-widget elementor-widget-image\" data-id=\"c7f8ba2\" data-element_type=\"widget\" data-widget_type=\"image.default\">\n\t\t\t\t<div class=\"elementor-widget-container\">\n\t\t\t\t\t\t\t\t\t\t\t\t\t\t\t<img decoding=\"async\" width=\"360\" height=\"461\" src=\"https:\/\/mediavesthosting.com\/takogventilasjon\/wp-content\/uploads\/2024\/11\/Screenshot-2024-11-29-at-08-47-45-dd8l.png-PNG-Image-360-\u00d7-461-pixels.png\" class=\"attachment-large size-large wp-image-6606\" alt=\"\" srcset=\"https:\/\/mediavesthosting.com\/takogventilasjon\/wp-content\/uploads\/2024\/11\/Screenshot-2024-11-29-at-08-47-45-dd8l.png-PNG-Image-360-\u00d7-461-pixels.png 360w, https:\/\/mediavesthosting.com\/takogventilasjon\/wp-content\/uploads\/2024\/11\/Screenshot-2024-11-29-at-08-47-45-dd8l.png-PNG-Image-360-\u00d7-461-pixels-234x300.png 234w\" sizes=\"(max-width: 360px) 100vw, 360px\" \/>\t\t\t\t\t\t\t\t\t\t\t\t\t\t\t<\/div>\n\t\t\t\t<\/div>\n\t\t\t\t\t<\/div>\n\t\t<\/div>\n\t\t\t\t\t<\/div>\n\t\t<\/section>\n\t\t\t\t<div class=\"elementor-element elementor-element-09f5571 elementor-widget elementor-widget-spacer\" data-id=\"09f5571\" data-element_type=\"widget\" data-widget_type=\"spacer.default\">\n\t\t\t\t<div class=\"elementor-widget-container\">\n\t\t\t\t\t\t\t<div class=\"elementor-spacer\">\n\t\t\t<div class=\"elementor-spacer-inner\"><\/div>\n\t\t<\/div>\n\t\t\t\t\t\t<\/div>\n\t\t\t\t<\/div>\n\t\t\t\t\t<\/div>\n\t\t<\/div>\n\t\t\t\t\t<\/div>\n\t\t<\/section>\n\t\t\t\t<\/div>\n\t\t","protected":false},"excerpt":{"rendered":"<p>Luftavfukter En luftavfukter er et effektivt verkt\u00f8y for \u00e5 redusere overfl\u00f8dig fuktighet i hjemmet, noe som er viktig for \u00e5 opprettholde et sunt inneklima. H\u00f8y luftfuktighet kan f\u00f8re til problemer som muggdannelse, d\u00e5rlig lukt og \u00f8kt risiko for allergier. Ved \u00e5 bruke en luftavfukter kan du forhindre fuktskader p\u00e5 m\u00f8bler, vegger og eiendommen, samtidig som [&hellip;]<\/p>\n","protected":false},"author":2,"featured_media":0,"parent":0,"menu_order":0,"comment_status":"closed","ping_status":"closed","template":"tpl-default-elementor.php","meta":{"footnotes":""},"class_list":["post-6107","page","type-page","status-publish","hentry"],"_links":{"self":[{"href":"https:\/\/mediavesthosting.com\/takogventilasjon\/wp-json\/wp\/v2\/pages\/6107","targetHints":{"allow":["GET"]}}],"collection":[{"href":"https:\/\/mediavesthosting.com\/takogventilasjon\/wp-json\/wp\/v2\/pages"}],"about":[{"href":"https:\/\/mediavesthosting.com\/takogventilasjon\/wp-json\/wp\/v2\/types\/page"}],"author":[{"embeddable":true,"href":"https:\/\/mediavesthosting.com\/takogventilasjon\/wp-json\/wp\/v2\/users\/2"}],"replies":[{"embeddable":true,"href":"https:\/\/mediavesthosting.com\/takogventilasjon\/wp-json\/wp\/v2\/comments?post=6107"}],"version-history":[{"count":25,"href":"https:\/\/mediavesthosting.com\/takogventilasjon\/wp-json\/wp\/v2\/pages\/6107\/revisions"}],"predecessor-version":[{"id":7144,"href":"https:\/\/mediavesthosting.com\/takogventilasjon\/wp-json\/wp\/v2\/pages\/6107\/revisions\/7144"}],"wp:attachment":[{"href":"https:\/\/mediavesthosting.com\/takogventilasjon\/wp-json\/wp\/v2\/media?parent=6107"}],"curies":[{"name":"wp","href":"https:\/\/api.w.org\/{rel}","templated":true}]}}