{"id":6091,"date":"2024-09-05T11:05:51","date_gmt":"2024-09-05T11:05:51","guid":{"rendered":"https:\/\/mediavesthosting.com\/takogventilasjon\/platetak-copy\/"},"modified":"2025-08-12T07:31:40","modified_gmt":"2025-08-12T07:31:40","slug":"papptekking","status":"publish","type":"page","link":"https:\/\/mediavesthosting.com\/takogventilasjon\/papptekking\/","title":{"rendered":"Papptekking"},"content":{"rendered":"\t\t<div data-elementor-type=\"wp-page\" data-elementor-id=\"6091\" class=\"elementor elementor-6091\" data-elementor-post-type=\"page\">\n\t\t\t\t\t\t<section class=\"elementor-section elementor-top-section elementor-element elementor-element-9a7a96e elementor-section-boxed elementor-section-height-default elementor-section-height-default\" data-id=\"9a7a96e\" data-element_type=\"section\">\n\t\t\t\t\t\t<div class=\"elementor-container elementor-column-gap-no\">\n\t\t\t\t\t<div class=\"elementor-column elementor-col-100 elementor-top-column elementor-element elementor-element-dd988ce\" data-id=\"dd988ce\" data-element_type=\"column\">\n\t\t\t<div class=\"elementor-widget-wrap elementor-element-populated\">\n\t\t\t\t\t\t<div class=\"elementor-element elementor-element-d3cef4e elementor-widget elementor-widget-spacer\" data-id=\"d3cef4e\" data-element_type=\"widget\" data-widget_type=\"spacer.default\">\n\t\t\t\t<div class=\"elementor-widget-container\">\n\t\t\t\t\t\t\t<div class=\"elementor-spacer\">\n\t\t\t<div class=\"elementor-spacer-inner\"><\/div>\n\t\t<\/div>\n\t\t\t\t\t\t<\/div>\n\t\t\t\t<\/div>\n\t\t\t\t<div class=\"elementor-element elementor-element-8bd278e elementor-widget elementor-widget-spacer\" data-id=\"8bd278e\" data-element_type=\"widget\" data-widget_type=\"spacer.default\">\n\t\t\t\t<div class=\"elementor-widget-container\">\n\t\t\t\t\t\t\t<div class=\"elementor-spacer\">\n\t\t\t<div class=\"elementor-spacer-inner\"><\/div>\n\t\t<\/div>\n\t\t\t\t\t\t<\/div>\n\t\t\t\t<\/div>\n\t\t\t\t<section class=\"elementor-section elementor-inner-section elementor-element elementor-element-1cb4075 elementor-section-boxed elementor-section-height-default elementor-section-height-default\" data-id=\"1cb4075\" data-element_type=\"section\">\n\t\t\t\t\t\t<div class=\"elementor-container elementor-column-gap-default\">\n\t\t\t\t\t<div class=\"elementor-column elementor-col-50 elementor-inner-column elementor-element elementor-element-21be03f\" data-id=\"21be03f\" data-element_type=\"column\">\n\t\t\t<div class=\"elementor-widget-wrap elementor-element-populated\">\n\t\t\t\t\t\t<div class=\"elementor-element elementor-element-d78427b elementor-widget elementor-widget-heading\" data-id=\"d78427b\" data-element_type=\"widget\" data-widget_type=\"heading.default\">\n\t\t\t\t<div class=\"elementor-widget-container\">\n\t\t\t\t\t<h2 class=\"elementor-heading-title elementor-size-default\">Papptekking<\/h2>\t\t\t\t<\/div>\n\t\t\t\t<\/div>\n\t\t\t\t<div class=\"elementor-element elementor-element-af8fa6d elementor-widget elementor-widget-text-editor\" data-id=\"af8fa6d\" data-element_type=\"widget\" data-widget_type=\"text-editor.default\">\n\t\t\t\t<div class=\"elementor-widget-container\">\n\t\t\t\t\t\t\t\t\t<p>Papptekking er en popul\u00e6r og p\u00e5litelig metode for taktekking, spesielt egnet for flate og lavt skr\u00e5nende tak. Dette materialet er kjent for sin fleksibilitet, slitestyrke og evne til \u00e5 gi effektiv beskyttelse mot v\u00e6r og vind. Papptekking er et kostnadseffektivt alternativ som passer b\u00e5de for boliger og n\u00e6ringsbygg, og gir et godt tettesjikt som holder fukt ute.<\/p><p>Moderne papptekking best\u00e5r ofte av bitumen, som er forsterket med polyester eller glassfiber, noe som gir det lang levetid og god motstandsdyktighet mot slitasje. I tillegg er papptekking raskt \u00e5 installere, krever lite vedlikehold, og gir et p\u00e5litelig, varig resultat som kan tilpasses ulike takl\u00f8sninger. For de som \u00f8nsker en funksjonell og \u00f8konomisk l\u00f8sning, er papptekking et smart valg.<\/p>\t\t\t\t\t\t\t\t<\/div>\n\t\t\t\t<\/div>\n\t\t\t\t<div class=\"elementor-element elementor-element-fc825d5 elementor-widget elementor-widget-text-editor\" data-id=\"fc825d5\" data-element_type=\"widget\" data-widget_type=\"text-editor.default\">\n\t\t\t\t<div class=\"elementor-widget-container\">\n\t\t\t\t\t\t\t\t\t<p><strong>Fordeler<\/strong><br \/>Papptekking er en kostnadseffektiv og lett l\u00f8sning som er enkel \u00e5 legge, ogs\u00e5 p\u00e5 flate og lavt skr\u00e5nende tak. Den er ideell for mindre bygninger som garasjer og uthus. Moderne asfalt takbelegg er relativt slitesterke, med god vanntetthet.<\/p><p><strong>Ulemper<\/strong><br \/>Papptekking har kortere levetid sammenlignet med andre materialer, typisk 15-25 \u00e5r. Den kan v\u00e6re s\u00e5rbar for skade fra kraftig vind og ekstreme temperaturer over tid. Asfaltpapp kan ogs\u00e5 ha d\u00e5rligere estetisk verdi i forhold til takstein og plater.<\/p><p><strong>Vedlikehold<\/strong><br \/>Krever regelmessig inspeksjon for skader og slitasje. Kan trenge reparasjon eller overmaling med beskyttende lag.<\/p><p><strong>Levetid<\/strong><br \/>15-25 \u00e5r.<\/p>\t\t\t\t\t\t\t\t<\/div>\n\t\t\t\t<\/div>\n\t\t\t\t<div class=\"elementor-element elementor-element-bb74405 elementor-widget elementor-widget-ucaddon_blox_btn_group\" data-id=\"bb74405\" data-element_type=\"widget\" data-widget_type=\"ucaddon_blox_btn_group.default\">\n\t\t\t\t<div class=\"elementor-widget-container\">\n\t\t\t\t\t\n<!-- start Button Group -->\n\t\t<link id='font-awesome-css' href='https:\/\/mediavesthosting.com\/takogventilasjon\/wp-content\/plugins\/unlimited-elements-for-elementor-premium\/assets_libraries\/font-awesome6\/fontawesome-all.min.css' type='text\/css' rel='stylesheet' >\n\t\t<link id='font-awesome-4-shim-css' href='https:\/\/mediavesthosting.com\/takogventilasjon\/wp-content\/plugins\/unlimited-elements-for-elementor-premium\/assets_libraries\/font-awesome6\/fontawesome-v4-shims.min.css' type='text\/css' rel='stylesheet' >\n\n<style>\/* widget: Button Group *\/\n\n#uc_blox_btn_group_elementor_bb74405\n{\n  display:flex;\n  flex-wrap: wrap;\n}\n\n#uc_blox_btn_group_elementor_bb74405 a\n{\n  display:block;\n  text-decoration:none;\n  transition:0.3s;\n\n}\n\n#uc_blox_btn_group_elementor_bb74405 .blox_btn_group_inner\n{\n  display:inline-flex;\n  align-items:center;\n}\n\n#uc_blox_btn_group_elementor_bb74405 .blox_btn_group_inner .ue-btn-icon\n{\n  line-height:1em;\n}\n\n#uc_blox_btn_group_elementor_bb74405 .blox_btn_group_inner .ue-btn-icon svg\n{\n  height:1em;\n  width:1em;\n}\n\n<\/style>\n\n<div id=\"uc_blox_btn_group_elementor_bb74405\" class=\"blox_btn_group uc-items-wrapper \" >\n  <a class=\"elementor-repeater-item-5292b98 \" href=\"https:\/\/www.nettbutikk.takogventilasjon.no\/\" id=\"uc_blox_btn_group_elementor_bb74405_item1\" >\n  <div class=\"blox_btn_group_inner\">\n        <div class=\"ue-btn-txt\">Til nettbutikk<\/div>\n  <\/div>\n<\/a>\n<a class=\"elementor-repeater-item-e560ea7 \" href=\"https:\/\/mediavesthosting.com\/takogventilasjon\/kontakt\/\" id=\"uc_blox_btn_group_elementor_bb74405_item2\" >\n  <div class=\"blox_btn_group_inner\">\n        <div class=\"ue-btn-txt\">Til kontaktskjema<\/div>\n  <\/div>\n<\/a>\n\n  \n\n\n<\/div>\n<!-- end Button Group -->\t\t\t\t<\/div>\n\t\t\t\t<\/div>\n\t\t\t\t<div class=\"elementor-element elementor-element-8f07fe6 elementor-widget elementor-widget-spacer\" data-id=\"8f07fe6\" data-element_type=\"widget\" data-widget_type=\"spacer.default\">\n\t\t\t\t<div class=\"elementor-widget-container\">\n\t\t\t\t\t\t\t<div class=\"elementor-spacer\">\n\t\t\t<div class=\"elementor-spacer-inner\"><\/div>\n\t\t<\/div>\n\t\t\t\t\t\t<\/div>\n\t\t\t\t<\/div>\n\t\t\t\t<div class=\"elementor-element elementor-element-2d24151 elementor-widget elementor-widget-heading\" data-id=\"2d24151\" data-element_type=\"widget\" data-widget_type=\"heading.default\">\n\t\t\t\t<div class=\"elementor-widget-container\">\n\t\t\t\t\t<h2 class=\"elementor-heading-title elementor-size-default\">Leverand\u00f8rer<\/h2>\t\t\t\t<\/div>\n\t\t\t\t<\/div>\n\t\t\t\t<div class=\"elementor-element elementor-element-6b8cb54 elementor-widget elementor-widget-image-gallery\" data-id=\"6b8cb54\" data-element_type=\"widget\" data-widget_type=\"image-gallery.default\">\n\t\t\t\t<div class=\"elementor-widget-container\">\n\t\t\t\t\t\t\t<div class=\"elementor-image-gallery\">\n\t\t\t<div id='gallery-1' class='gallery galleryid-6091 gallery-columns-4 gallery-size-full'><figure class='gallery-item'>\n\t\t\t<div class='gallery-icon landscape'>\n\t\t\t\t<a data-elementor-open-lightbox=\"yes\" data-elementor-lightbox-slideshow=\"6b8cb54\" data-elementor-lightbox-title=\"logo leverand\u00f8rer tak og ventilasjon(9)\" data-e-action-hash=\"#elementor-action%3Aaction%3Dlightbox%26settings%3DeyJpZCI6NjM1MiwidXJsIjoiaHR0cHM6XC9cL21lZGlhdmVzdGhvc3RpbmcuY29tXC90YWtvZ3ZlbnRpbGFzam9uXC93cC1jb250ZW50XC91cGxvYWRzXC8yMDI0XC8wOVwvbG9nby1sZXZlcmFuZG9yZXItdGFrLW9nLXZlbnRpbGFzam9uOS5wbmciLCJzbGlkZXNob3ciOiI2YjhjYjU0In0%3D\" href='https:\/\/mediavesthosting.com\/takogventilasjon\/wp-content\/uploads\/2024\/09\/logo-leverandorer-tak-og-ventilasjon9.png'><img fetchpriority=\"high\" decoding=\"async\" width=\"500\" height=\"300\" src=\"https:\/\/mediavesthosting.com\/takogventilasjon\/wp-content\/uploads\/2024\/09\/logo-leverandorer-tak-og-ventilasjon9.png\" class=\"attachment-full size-full\" alt=\"\" srcset=\"https:\/\/mediavesthosting.com\/takogventilasjon\/wp-content\/uploads\/2024\/09\/logo-leverandorer-tak-og-ventilasjon9.png 500w, https:\/\/mediavesthosting.com\/takogventilasjon\/wp-content\/uploads\/2024\/09\/logo-leverandorer-tak-og-ventilasjon9-300x180.png 300w\" sizes=\"(max-width: 500px) 100vw, 500px\" \/><\/a>\n\t\t\t<\/div><\/figure>\n\t\t<\/div>\n\t\t<\/div>\n\t\t\t\t\t\t<\/div>\n\t\t\t\t<\/div>\n\t\t\t\t\t<\/div>\n\t\t<\/div>\n\t\t\t\t<div class=\"elementor-column elementor-col-50 elementor-inner-column elementor-element elementor-element-9563042\" data-id=\"9563042\" data-element_type=\"column\">\n\t\t\t<div class=\"elementor-widget-wrap elementor-element-populated\">\n\t\t\t\t\t\t<div class=\"elementor-element elementor-element-2e7cc71 elementor-widget elementor-widget-image\" data-id=\"2e7cc71\" data-element_type=\"widget\" data-widget_type=\"image.default\">\n\t\t\t\t<div class=\"elementor-widget-container\">\n\t\t\t\t\t\t\t\t\t\t\t\t\t\t\t<img decoding=\"async\" width=\"491\" height=\"487\" src=\"https:\/\/mediavesthosting.com\/takogventilasjon\/wp-content\/uploads\/2024\/11\/Screenshot-2024-11-29-at-09-04-09-0QX5X0eFPFEgj2lOAOvfBpqLS.pdf.png\" class=\"attachment-large size-large wp-image-6637\" alt=\"\" srcset=\"https:\/\/mediavesthosting.com\/takogventilasjon\/wp-content\/uploads\/2024\/11\/Screenshot-2024-11-29-at-09-04-09-0QX5X0eFPFEgj2lOAOvfBpqLS.pdf.png 491w, https:\/\/mediavesthosting.com\/takogventilasjon\/wp-content\/uploads\/2024\/11\/Screenshot-2024-11-29-at-09-04-09-0QX5X0eFPFEgj2lOAOvfBpqLS.pdf-300x298.png 300w, https:\/\/mediavesthosting.com\/takogventilasjon\/wp-content\/uploads\/2024\/11\/Screenshot-2024-11-29-at-09-04-09-0QX5X0eFPFEgj2lOAOvfBpqLS.pdf-150x150.png 150w, https:\/\/mediavesthosting.com\/takogventilasjon\/wp-content\/uploads\/2024\/11\/Screenshot-2024-11-29-at-09-04-09-0QX5X0eFPFEgj2lOAOvfBpqLS.pdf-70x70.png 70w, https:\/\/mediavesthosting.com\/takogventilasjon\/wp-content\/uploads\/2024\/11\/Screenshot-2024-11-29-at-09-04-09-0QX5X0eFPFEgj2lOAOvfBpqLS.pdf-100x100.png 100w\" sizes=\"(max-width: 491px) 100vw, 491px\" \/>\t\t\t\t\t\t\t\t\t\t\t\t\t\t\t<\/div>\n\t\t\t\t<\/div>\n\t\t\t\t\t<\/div>\n\t\t<\/div>\n\t\t\t\t\t<\/div>\n\t\t<\/section>\n\t\t\t\t<div class=\"elementor-element elementor-element-a9b4cd0 elementor-widget elementor-widget-spacer\" data-id=\"a9b4cd0\" data-element_type=\"widget\" data-widget_type=\"spacer.default\">\n\t\t\t\t<div class=\"elementor-widget-container\">\n\t\t\t\t\t\t\t<div class=\"elementor-spacer\">\n\t\t\t<div class=\"elementor-spacer-inner\"><\/div>\n\t\t<\/div>\n\t\t\t\t\t\t<\/div>\n\t\t\t\t<\/div>\n\t\t\t\t\t<\/div>\n\t\t<\/div>\n\t\t\t\t\t<\/div>\n\t\t<\/section>\n\t\t\t\t<\/div>\n\t\t","protected":false},"excerpt":{"rendered":"<p>Papptekking Papptekking er en popul\u00e6r og p\u00e5litelig metode for taktekking, spesielt egnet for flate og lavt skr\u00e5nende tak. Dette materialet er kjent for sin fleksibilitet, slitestyrke og evne til \u00e5 gi effektiv beskyttelse mot v\u00e6r og vind. Papptekking er et kostnadseffektivt alternativ som passer b\u00e5de for boliger og n\u00e6ringsbygg, og gir et godt tettesjikt som [&hellip;]<\/p>\n","protected":false},"author":2,"featured_media":0,"parent":0,"menu_order":0,"comment_status":"closed","ping_status":"closed","template":"tpl-default-elementor.php","meta":{"footnotes":""},"class_list":["post-6091","page","type-page","status-publish","hentry"],"_links":{"self":[{"href":"https:\/\/mediavesthosting.com\/takogventilasjon\/wp-json\/wp\/v2\/pages\/6091","targetHints":{"allow":["GET"]}}],"collection":[{"href":"https:\/\/mediavesthosting.com\/takogventilasjon\/wp-json\/wp\/v2\/pages"}],"about":[{"href":"https:\/\/mediavesthosting.com\/takogventilasjon\/wp-json\/wp\/v2\/types\/page"}],"author":[{"embeddable":true,"href":"https:\/\/mediavesthosting.com\/takogventilasjon\/wp-json\/wp\/v2\/users\/2"}],"replies":[{"embeddable":true,"href":"https:\/\/mediavesthosting.com\/takogventilasjon\/wp-json\/wp\/v2\/comments?post=6091"}],"version-history":[{"count":28,"href":"https:\/\/mediavesthosting.com\/takogventilasjon\/wp-json\/wp\/v2\/pages\/6091\/revisions"}],"predecessor-version":[{"id":7114,"href":"https:\/\/mediavesthosting.com\/takogventilasjon\/wp-json\/wp\/v2\/pages\/6091\/revisions\/7114"}],"wp:attachment":[{"href":"https:\/\/mediavesthosting.com\/takogventilasjon\/wp-json\/wp\/v2\/media?parent=6091"}],"curies":[{"name":"wp","href":"https:\/\/api.w.org\/{rel}","templated":true}]}}