{"id":6089,"date":"2024-09-05T11:05:36","date_gmt":"2024-09-05T11:05:36","guid":{"rendered":"https:\/\/mediavesthosting.com\/takogventilasjon\/betongstein-copy\/"},"modified":"2025-08-12T07:30:30","modified_gmt":"2025-08-12T07:30:30","slug":"platetak","status":"publish","type":"page","link":"https:\/\/mediavesthosting.com\/takogventilasjon\/platetak\/","title":{"rendered":"Platetak"},"content":{"rendered":"\t\t<div data-elementor-type=\"wp-page\" data-elementor-id=\"6089\" class=\"elementor elementor-6089\" data-elementor-post-type=\"page\">\n\t\t\t\t\t\t<section class=\"elementor-section elementor-top-section elementor-element elementor-element-e77fb6e elementor-section-boxed elementor-section-height-default elementor-section-height-default\" data-id=\"e77fb6e\" data-element_type=\"section\">\n\t\t\t\t\t\t<div class=\"elementor-container elementor-column-gap-no\">\n\t\t\t\t\t<div class=\"elementor-column elementor-col-100 elementor-top-column elementor-element elementor-element-4ed15c5\" data-id=\"4ed15c5\" data-element_type=\"column\">\n\t\t\t<div class=\"elementor-widget-wrap elementor-element-populated\">\n\t\t\t\t\t\t<div class=\"elementor-element elementor-element-d495010 elementor-widget elementor-widget-spacer\" data-id=\"d495010\" data-element_type=\"widget\" data-widget_type=\"spacer.default\">\n\t\t\t\t<div class=\"elementor-widget-container\">\n\t\t\t\t\t\t\t<div class=\"elementor-spacer\">\n\t\t\t<div class=\"elementor-spacer-inner\"><\/div>\n\t\t<\/div>\n\t\t\t\t\t\t<\/div>\n\t\t\t\t<\/div>\n\t\t\t\t<div class=\"elementor-element elementor-element-3168939 elementor-widget elementor-widget-spacer\" data-id=\"3168939\" data-element_type=\"widget\" data-widget_type=\"spacer.default\">\n\t\t\t\t<div class=\"elementor-widget-container\">\n\t\t\t\t\t\t\t<div class=\"elementor-spacer\">\n\t\t\t<div class=\"elementor-spacer-inner\"><\/div>\n\t\t<\/div>\n\t\t\t\t\t\t<\/div>\n\t\t\t\t<\/div>\n\t\t\t\t<section class=\"elementor-section elementor-inner-section elementor-element elementor-element-d860a16 elementor-section-boxed elementor-section-height-default elementor-section-height-default\" data-id=\"d860a16\" data-element_type=\"section\">\n\t\t\t\t\t\t<div class=\"elementor-container elementor-column-gap-default\">\n\t\t\t\t\t<div class=\"elementor-column elementor-col-50 elementor-inner-column elementor-element elementor-element-57e8d70\" data-id=\"57e8d70\" data-element_type=\"column\">\n\t\t\t<div class=\"elementor-widget-wrap elementor-element-populated\">\n\t\t\t\t\t\t<div class=\"elementor-element elementor-element-3c90ed2 elementor-widget elementor-widget-heading\" data-id=\"3c90ed2\" data-element_type=\"widget\" data-widget_type=\"heading.default\">\n\t\t\t\t<div class=\"elementor-widget-container\">\n\t\t\t\t\t<h2 class=\"elementor-heading-title elementor-size-default\">Platetak<\/h2>\t\t\t\t<\/div>\n\t\t\t\t<\/div>\n\t\t\t\t<div class=\"elementor-element elementor-element-ca156cb elementor-widget elementor-widget-text-editor\" data-id=\"ca156cb\" data-element_type=\"widget\" data-widget_type=\"text-editor.default\">\n\t\t\t\t<div class=\"elementor-widget-container\">\n\t\t\t\t\t\t\t\t\t<p>Platetak er en holdbar og moderne l\u00f8sning som gir b\u00e5de beskyttelse og estetisk verdi til bygninger. Med sin lette konstruksjon og evne til \u00e5 t\u00e5le ekstreme v\u00e6rforhold som regn, sn\u00f8 og vind, er platetak et praktisk valg for mange typer bygg. Det er ogs\u00e5 brannsikkert og krever minimalt vedlikehold, noe som gj\u00f8r det til en kostnadseffektiv l\u00f8sning p\u00e5 lang sikt. Tilgjengelig i en rekke farger og stiler, gir platetak en stilren og varig finish som passer b\u00e5de moderne og tradisjonelle design.<\/p>\t\t\t\t\t\t\t\t<\/div>\n\t\t\t\t<\/div>\n\t\t\t\t<div class=\"elementor-element elementor-element-0754376 elementor-widget elementor-widget-text-editor\" data-id=\"0754376\" data-element_type=\"widget\" data-widget_type=\"text-editor.default\">\n\t\t\t\t<div class=\"elementor-widget-container\">\n\t\t\t\t\t\t\t\t\t<p><strong>Fordeler<\/strong><br \/>Platetak, spesielt st\u00e5l og aluminium, er sv\u00e6rt lett og derfor enklere \u00e5 installere p\u00e5 eksisterende konstruksjoner. Det er slitesterkt, og moderne plater er ofte behandlet med korrosjonsbeskyttelse, slik at de t\u00e5ler v\u00e6r og vind godt. Aluminium ruster ikke, noe som gir lang levetid i kystn\u00e6re omr\u00e5der. Platetak kan v\u00e6re kostnadseffektivt sammenlignet med takstein.<\/p><p><strong>Ulemper<\/strong><br \/>Platetak kan v\u00e6re st\u00f8yende, spesielt i regn og hagl. Hvis belegget blir skadet, kan st\u00e5lplater ruste over tid. Aluminium er dyrere enn st\u00e5l og har noe lavere motstandsdyktighet mot slag og riper.<\/p><p><strong>Vedlikehold<\/strong><br \/>Minimalt vedlikehold, men det er viktig \u00e5 inspisere for skader p\u00e5 belegg,<\/p><p>et for \u00e5 unng\u00e5 rust.<\/p><p><strong>Levetid<\/strong><br \/>30-50 \u00e5r for st\u00e5l, 40-70 \u00e5r for aluminium.<\/p>\t\t\t\t\t\t\t\t<\/div>\n\t\t\t\t<\/div>\n\t\t\t\t<div class=\"elementor-element elementor-element-69e4208 elementor-widget elementor-widget-ucaddon_blox_btn_group\" data-id=\"69e4208\" data-element_type=\"widget\" data-widget_type=\"ucaddon_blox_btn_group.default\">\n\t\t\t\t<div class=\"elementor-widget-container\">\n\t\t\t\t\t\n<!-- start Button Group -->\n\t\t<link id='font-awesome-css' href='https:\/\/mediavesthosting.com\/takogventilasjon\/wp-content\/plugins\/unlimited-elements-for-elementor-premium\/assets_libraries\/font-awesome6\/fontawesome-all.min.css' type='text\/css' rel='stylesheet' >\n\t\t<link id='font-awesome-4-shim-css' href='https:\/\/mediavesthosting.com\/takogventilasjon\/wp-content\/plugins\/unlimited-elements-for-elementor-premium\/assets_libraries\/font-awesome6\/fontawesome-v4-shims.min.css' type='text\/css' rel='stylesheet' >\n\n<style>\/* widget: Button Group *\/\n\n#uc_blox_btn_group_elementor_69e4208\n{\n  display:flex;\n  flex-wrap: wrap;\n}\n\n#uc_blox_btn_group_elementor_69e4208 a\n{\n  display:block;\n  text-decoration:none;\n  transition:0.3s;\n\n}\n\n#uc_blox_btn_group_elementor_69e4208 .blox_btn_group_inner\n{\n  display:inline-flex;\n  align-items:center;\n}\n\n#uc_blox_btn_group_elementor_69e4208 .blox_btn_group_inner .ue-btn-icon\n{\n  line-height:1em;\n}\n\n#uc_blox_btn_group_elementor_69e4208 .blox_btn_group_inner .ue-btn-icon svg\n{\n  height:1em;\n  width:1em;\n}\n\n<\/style>\n\n<div id=\"uc_blox_btn_group_elementor_69e4208\" class=\"blox_btn_group uc-items-wrapper \" >\n  <a class=\"elementor-repeater-item-5292b98 \" href=\"https:\/\/www.nettbutikk.takogventilasjon.no\/\" id=\"uc_blox_btn_group_elementor_69e4208_item1\" >\n  <div class=\"blox_btn_group_inner\">\n        <div class=\"ue-btn-txt\">Til nettbutikk<\/div>\n  <\/div>\n<\/a>\n<a class=\"elementor-repeater-item-e560ea7 \" href=\"https:\/\/mediavesthosting.com\/takogventilasjon\/kontakt\/\" id=\"uc_blox_btn_group_elementor_69e4208_item2\" >\n  <div class=\"blox_btn_group_inner\">\n        <div class=\"ue-btn-txt\">Til kontaktskjema<\/div>\n  <\/div>\n<\/a>\n\n  \n\n\n<\/div>\n<!-- end Button Group -->\t\t\t\t<\/div>\n\t\t\t\t<\/div>\n\t\t\t\t<div class=\"elementor-element elementor-element-dca3b81 elementor-widget elementor-widget-spacer\" data-id=\"dca3b81\" data-element_type=\"widget\" data-widget_type=\"spacer.default\">\n\t\t\t\t<div class=\"elementor-widget-container\">\n\t\t\t\t\t\t\t<div class=\"elementor-spacer\">\n\t\t\t<div class=\"elementor-spacer-inner\"><\/div>\n\t\t<\/div>\n\t\t\t\t\t\t<\/div>\n\t\t\t\t<\/div>\n\t\t\t\t<div class=\"elementor-element elementor-element-0d4604a elementor-widget elementor-widget-heading\" data-id=\"0d4604a\" data-element_type=\"widget\" data-widget_type=\"heading.default\">\n\t\t\t\t<div class=\"elementor-widget-container\">\n\t\t\t\t\t<h5 class=\"elementor-heading-title elementor-size-default\">Leverand\u00f8rer<\/h5>\t\t\t\t<\/div>\n\t\t\t\t<\/div>\n\t\t\t\t<div class=\"elementor-element elementor-element-3306f0b elementor-widget elementor-widget-image-gallery\" data-id=\"3306f0b\" data-element_type=\"widget\" data-widget_type=\"image-gallery.default\">\n\t\t\t\t<div class=\"elementor-widget-container\">\n\t\t\t\t\t\t\t<div class=\"elementor-image-gallery\">\n\t\t\t<div id='gallery-1' class='gallery galleryid-6089 gallery-columns-4 gallery-size-full'><figure class='gallery-item'>\n\t\t\t<div class='gallery-icon landscape'>\n\t\t\t\t<a data-elementor-open-lightbox=\"yes\" data-elementor-lightbox-slideshow=\"3306f0b\" data-elementor-lightbox-title=\"logo leverand\u00f8rer tak og ventilasjon(8)\" data-e-action-hash=\"#elementor-action%3Aaction%3Dlightbox%26settings%3DeyJpZCI6NjM0NSwidXJsIjoiaHR0cHM6XC9cL21lZGlhdmVzdGhvc3RpbmcuY29tXC90YWtvZ3ZlbnRpbGFzam9uXC93cC1jb250ZW50XC91cGxvYWRzXC8yMDI0XC8wOVwvbG9nby1sZXZlcmFuZG9yZXItdGFrLW9nLXZlbnRpbGFzam9uOC5wbmciLCJzbGlkZXNob3ciOiIzMzA2ZjBiIn0%3D\" href='https:\/\/mediavesthosting.com\/takogventilasjon\/wp-content\/uploads\/2024\/09\/logo-leverandorer-tak-og-ventilasjon8.png'><img fetchpriority=\"high\" decoding=\"async\" width=\"500\" height=\"300\" src=\"https:\/\/mediavesthosting.com\/takogventilasjon\/wp-content\/uploads\/2024\/09\/logo-leverandorer-tak-og-ventilasjon8.png\" class=\"attachment-full size-full\" alt=\"\" srcset=\"https:\/\/mediavesthosting.com\/takogventilasjon\/wp-content\/uploads\/2024\/09\/logo-leverandorer-tak-og-ventilasjon8.png 500w, https:\/\/mediavesthosting.com\/takogventilasjon\/wp-content\/uploads\/2024\/09\/logo-leverandorer-tak-og-ventilasjon8-300x180.png 300w\" sizes=\"(max-width: 500px) 100vw, 500px\" \/><\/a>\n\t\t\t<\/div><\/figure><figure class='gallery-item'>\n\t\t\t<div class='gallery-icon landscape'>\n\t\t\t\t<a data-elementor-open-lightbox=\"yes\" data-elementor-lightbox-slideshow=\"3306f0b\" data-elementor-lightbox-title=\"logo leverand\u00f8rer tak og ventilasjon(7)\" data-e-action-hash=\"#elementor-action%3Aaction%3Dlightbox%26settings%3DeyJpZCI6NjM0NiwidXJsIjoiaHR0cHM6XC9cL21lZGlhdmVzdGhvc3RpbmcuY29tXC90YWtvZ3ZlbnRpbGFzam9uXC93cC1jb250ZW50XC91cGxvYWRzXC8yMDI0XC8wOVwvbG9nby1sZXZlcmFuZG9yZXItdGFrLW9nLXZlbnRpbGFzam9uNy5wbmciLCJzbGlkZXNob3ciOiIzMzA2ZjBiIn0%3D\" href='https:\/\/mediavesthosting.com\/takogventilasjon\/wp-content\/uploads\/2024\/09\/logo-leverandorer-tak-og-ventilasjon7.png'><img decoding=\"async\" width=\"500\" height=\"300\" src=\"https:\/\/mediavesthosting.com\/takogventilasjon\/wp-content\/uploads\/2024\/09\/logo-leverandorer-tak-og-ventilasjon7.png\" class=\"attachment-full size-full\" alt=\"\" srcset=\"https:\/\/mediavesthosting.com\/takogventilasjon\/wp-content\/uploads\/2024\/09\/logo-leverandorer-tak-og-ventilasjon7.png 500w, https:\/\/mediavesthosting.com\/takogventilasjon\/wp-content\/uploads\/2024\/09\/logo-leverandorer-tak-og-ventilasjon7-300x180.png 300w\" sizes=\"(max-width: 500px) 100vw, 500px\" \/><\/a>\n\t\t\t<\/div><\/figure><figure class='gallery-item'>\n\t\t\t<div class='gallery-icon landscape'>\n\t\t\t\t<a data-elementor-open-lightbox=\"yes\" data-elementor-lightbox-slideshow=\"3306f0b\" data-elementor-lightbox-title=\"logo leverand\u00f8rer tak og ventilasjon(6)\" data-e-action-hash=\"#elementor-action%3Aaction%3Dlightbox%26settings%3DeyJpZCI6NjM0NywidXJsIjoiaHR0cHM6XC9cL21lZGlhdmVzdGhvc3RpbmcuY29tXC90YWtvZ3ZlbnRpbGFzam9uXC93cC1jb250ZW50XC91cGxvYWRzXC8yMDI0XC8wOVwvbG9nby1sZXZlcmFuZG9yZXItdGFrLW9nLXZlbnRpbGFzam9uNi5wbmciLCJzbGlkZXNob3ciOiIzMzA2ZjBiIn0%3D\" href='https:\/\/mediavesthosting.com\/takogventilasjon\/wp-content\/uploads\/2024\/09\/logo-leverandorer-tak-og-ventilasjon6.png'><img decoding=\"async\" width=\"500\" height=\"300\" src=\"https:\/\/mediavesthosting.com\/takogventilasjon\/wp-content\/uploads\/2024\/09\/logo-leverandorer-tak-og-ventilasjon6.png\" class=\"attachment-full size-full\" alt=\"\" srcset=\"https:\/\/mediavesthosting.com\/takogventilasjon\/wp-content\/uploads\/2024\/09\/logo-leverandorer-tak-og-ventilasjon6.png 500w, https:\/\/mediavesthosting.com\/takogventilasjon\/wp-content\/uploads\/2024\/09\/logo-leverandorer-tak-og-ventilasjon6-300x180.png 300w\" sizes=\"(max-width: 500px) 100vw, 500px\" \/><\/a>\n\t\t\t<\/div><\/figure><figure class='gallery-item'>\n\t\t\t<div class='gallery-icon landscape'>\n\t\t\t\t<a data-elementor-open-lightbox=\"yes\" data-elementor-lightbox-slideshow=\"3306f0b\" data-elementor-lightbox-title=\"logo leverand\u00f8rer tak og ventilasjon(5)\" data-e-action-hash=\"#elementor-action%3Aaction%3Dlightbox%26settings%3DeyJpZCI6NjM0OCwidXJsIjoiaHR0cHM6XC9cL21lZGlhdmVzdGhvc3RpbmcuY29tXC90YWtvZ3ZlbnRpbGFzam9uXC93cC1jb250ZW50XC91cGxvYWRzXC8yMDI0XC8wOVwvbG9nby1sZXZlcmFuZG9yZXItdGFrLW9nLXZlbnRpbGFzam9uNS5wbmciLCJzbGlkZXNob3ciOiIzMzA2ZjBiIn0%3D\" href='https:\/\/mediavesthosting.com\/takogventilasjon\/wp-content\/uploads\/2024\/09\/logo-leverandorer-tak-og-ventilasjon5.png'><img loading=\"lazy\" decoding=\"async\" width=\"500\" height=\"300\" src=\"https:\/\/mediavesthosting.com\/takogventilasjon\/wp-content\/uploads\/2024\/09\/logo-leverandorer-tak-og-ventilasjon5.png\" class=\"attachment-full size-full\" alt=\"\" srcset=\"https:\/\/mediavesthosting.com\/takogventilasjon\/wp-content\/uploads\/2024\/09\/logo-leverandorer-tak-og-ventilasjon5.png 500w, https:\/\/mediavesthosting.com\/takogventilasjon\/wp-content\/uploads\/2024\/09\/logo-leverandorer-tak-og-ventilasjon5-300x180.png 300w\" sizes=\"(max-width: 500px) 100vw, 500px\" \/><\/a>\n\t\t\t<\/div><\/figure>\n\t\t<\/div>\n\t\t<\/div>\n\t\t\t\t\t\t<\/div>\n\t\t\t\t<\/div>\n\t\t\t\t\t<\/div>\n\t\t<\/div>\n\t\t\t\t<div class=\"elementor-column elementor-col-50 elementor-inner-column elementor-element elementor-element-00c92aa\" data-id=\"00c92aa\" data-element_type=\"column\">\n\t\t\t<div class=\"elementor-widget-wrap elementor-element-populated\">\n\t\t\t\t\t\t<div class=\"elementor-element elementor-element-55c1bec elementor-widget elementor-widget-image\" data-id=\"55c1bec\" data-element_type=\"widget\" data-widget_type=\"image.default\">\n\t\t\t\t<div class=\"elementor-widget-container\">\n\t\t\t\t\t\t\t\t\t\t\t\t\t\t\t<img loading=\"lazy\" decoding=\"async\" width=\"525\" height=\"342\" src=\"https:\/\/mediavesthosting.com\/takogventilasjon\/wp-content\/uploads\/2024\/09\/xsell_low72-1920.tmb-1920v-1024x668.webp\" class=\"attachment-large size-large wp-image-6207\" alt=\"\" srcset=\"https:\/\/mediavesthosting.com\/takogventilasjon\/wp-content\/uploads\/2024\/09\/xsell_low72-1920.tmb-1920v-1024x668.webp 1024w, https:\/\/mediavesthosting.com\/takogventilasjon\/wp-content\/uploads\/2024\/09\/xsell_low72-1920.tmb-1920v-300x196.webp 300w, https:\/\/mediavesthosting.com\/takogventilasjon\/wp-content\/uploads\/2024\/09\/xsell_low72-1920.tmb-1920v-768x501.webp 768w, https:\/\/mediavesthosting.com\/takogventilasjon\/wp-content\/uploads\/2024\/09\/xsell_low72-1920.tmb-1920v-1536x1002.webp 1536w, https:\/\/mediavesthosting.com\/takogventilasjon\/wp-content\/uploads\/2024\/09\/xsell_low72-1920.tmb-1920v-600x392.webp 600w, https:\/\/mediavesthosting.com\/takogventilasjon\/wp-content\/uploads\/2024\/09\/xsell_low72-1920.tmb-1920v.webp 1920w\" sizes=\"(max-width: 525px) 100vw, 525px\" \/>\t\t\t\t\t\t\t\t\t\t\t\t\t\t\t<\/div>\n\t\t\t\t<\/div>\n\t\t\t\t\t<\/div>\n\t\t<\/div>\n\t\t\t\t\t<\/div>\n\t\t<\/section>\n\t\t\t\t<div class=\"elementor-element elementor-element-24e1ac4 elementor-widget elementor-widget-spacer\" data-id=\"24e1ac4\" data-element_type=\"widget\" data-widget_type=\"spacer.default\">\n\t\t\t\t<div class=\"elementor-widget-container\">\n\t\t\t\t\t\t\t<div class=\"elementor-spacer\">\n\t\t\t<div class=\"elementor-spacer-inner\"><\/div>\n\t\t<\/div>\n\t\t\t\t\t\t<\/div>\n\t\t\t\t<\/div>\n\t\t\t\t\t<\/div>\n\t\t<\/div>\n\t\t\t\t\t<\/div>\n\t\t<\/section>\n\t\t\t\t<\/div>\n\t\t","protected":false},"excerpt":{"rendered":"<p>Platetak Platetak er en holdbar og moderne l\u00f8sning som gir b\u00e5de beskyttelse og estetisk verdi til bygninger. Med sin lette konstruksjon og evne til \u00e5 t\u00e5le ekstreme v\u00e6rforhold som regn, sn\u00f8 og vind, er platetak et praktisk valg for mange typer bygg. Det er ogs\u00e5 brannsikkert og krever minimalt vedlikehold, noe som gj\u00f8r det til [&hellip;]<\/p>\n","protected":false},"author":2,"featured_media":0,"parent":0,"menu_order":0,"comment_status":"closed","ping_status":"closed","template":"tpl-default-elementor.php","meta":{"footnotes":""},"class_list":["post-6089","page","type-page","status-publish","hentry"],"_links":{"self":[{"href":"https:\/\/mediavesthosting.com\/takogventilasjon\/wp-json\/wp\/v2\/pages\/6089","targetHints":{"allow":["GET"]}}],"collection":[{"href":"https:\/\/mediavesthosting.com\/takogventilasjon\/wp-json\/wp\/v2\/pages"}],"about":[{"href":"https:\/\/mediavesthosting.com\/takogventilasjon\/wp-json\/wp\/v2\/types\/page"}],"author":[{"embeddable":true,"href":"https:\/\/mediavesthosting.com\/takogventilasjon\/wp-json\/wp\/v2\/users\/2"}],"replies":[{"embeddable":true,"href":"https:\/\/mediavesthosting.com\/takogventilasjon\/wp-json\/wp\/v2\/comments?post=6089"}],"version-history":[{"count":25,"href":"https:\/\/mediavesthosting.com\/takogventilasjon\/wp-json\/wp\/v2\/pages\/6089\/revisions"}],"predecessor-version":[{"id":7111,"href":"https:\/\/mediavesthosting.com\/takogventilasjon\/wp-json\/wp\/v2\/pages\/6089\/revisions\/7111"}],"wp:attachment":[{"href":"https:\/\/mediavesthosting.com\/takogventilasjon\/wp-json\/wp\/v2\/media?parent=6089"}],"curies":[{"name":"wp","href":"https:\/\/api.w.org\/{rel}","templated":true}]}}