{"id":6085,"date":"2024-09-05T11:04:15","date_gmt":"2024-09-05T11:04:15","guid":{"rendered":"https:\/\/mediavesthosting.com\/takogventilasjon\/tak-copy\/"},"modified":"2025-08-12T07:27:22","modified_gmt":"2025-08-12T07:27:22","slug":"teglstein","status":"publish","type":"page","link":"https:\/\/mediavesthosting.com\/takogventilasjon\/teglstein\/","title":{"rendered":"Teglstein"},"content":{"rendered":"\t\t<div data-elementor-type=\"wp-page\" data-elementor-id=\"6085\" class=\"elementor elementor-6085\" data-elementor-post-type=\"page\">\n\t\t\t\t\t\t<section class=\"elementor-section elementor-top-section elementor-element elementor-element-e0b3cf3 elementor-section-boxed elementor-section-height-default elementor-section-height-default\" data-id=\"e0b3cf3\" data-element_type=\"section\">\n\t\t\t\t\t\t<div class=\"elementor-container elementor-column-gap-no\">\n\t\t\t\t\t<div class=\"elementor-column elementor-col-100 elementor-top-column elementor-element elementor-element-3f8b14b\" data-id=\"3f8b14b\" data-element_type=\"column\">\n\t\t\t<div class=\"elementor-widget-wrap elementor-element-populated\">\n\t\t\t\t\t\t<div class=\"elementor-element elementor-element-7285fe6 elementor-widget elementor-widget-spacer\" data-id=\"7285fe6\" data-element_type=\"widget\" data-widget_type=\"spacer.default\">\n\t\t\t\t<div class=\"elementor-widget-container\">\n\t\t\t\t\t\t\t<div class=\"elementor-spacer\">\n\t\t\t<div class=\"elementor-spacer-inner\"><\/div>\n\t\t<\/div>\n\t\t\t\t\t\t<\/div>\n\t\t\t\t<\/div>\n\t\t\t\t<div class=\"elementor-element elementor-element-5b13e1f elementor-widget elementor-widget-spacer\" data-id=\"5b13e1f\" data-element_type=\"widget\" data-widget_type=\"spacer.default\">\n\t\t\t\t<div class=\"elementor-widget-container\">\n\t\t\t\t\t\t\t<div class=\"elementor-spacer\">\n\t\t\t<div class=\"elementor-spacer-inner\"><\/div>\n\t\t<\/div>\n\t\t\t\t\t\t<\/div>\n\t\t\t\t<\/div>\n\t\t\t\t<div class=\"elementor-element elementor-element-dd24887 elementor-widget elementor-widget-spacer\" data-id=\"dd24887\" data-element_type=\"widget\" data-widget_type=\"spacer.default\">\n\t\t\t\t<div class=\"elementor-widget-container\">\n\t\t\t\t\t\t\t<div class=\"elementor-spacer\">\n\t\t\t<div class=\"elementor-spacer-inner\"><\/div>\n\t\t<\/div>\n\t\t\t\t\t\t<\/div>\n\t\t\t\t<\/div>\n\t\t\t\t\t<\/div>\n\t\t<\/div>\n\t\t\t\t\t<\/div>\n\t\t<\/section>\n\t\t\t\t<section class=\"elementor-section elementor-top-section elementor-element elementor-element-b15c504 elementor-section-boxed elementor-section-height-default elementor-section-height-default\" data-id=\"b15c504\" data-element_type=\"section\">\n\t\t\t\t\t\t<div class=\"elementor-container elementor-column-gap-default\">\n\t\t\t\t\t<div class=\"elementor-column elementor-col-100 elementor-top-column elementor-element elementor-element-b9fab5a\" data-id=\"b9fab5a\" data-element_type=\"column\">\n\t\t\t<div class=\"elementor-widget-wrap elementor-element-populated\">\n\t\t\t\t\t\t<section class=\"elementor-section elementor-inner-section elementor-element elementor-element-3daac40 elementor-section-boxed elementor-section-height-default elementor-section-height-default\" data-id=\"3daac40\" data-element_type=\"section\">\n\t\t\t\t\t\t<div class=\"elementor-container elementor-column-gap-default\">\n\t\t\t\t\t<div class=\"elementor-column elementor-col-50 elementor-inner-column elementor-element elementor-element-309b68a\" data-id=\"309b68a\" data-element_type=\"column\">\n\t\t\t<div class=\"elementor-widget-wrap elementor-element-populated\">\n\t\t\t\t\t\t<div class=\"elementor-element elementor-element-5de44a3 elementor-widget elementor-widget-heading\" data-id=\"5de44a3\" data-element_type=\"widget\" data-widget_type=\"heading.default\">\n\t\t\t\t<div class=\"elementor-widget-container\">\n\t\t\t\t\t<h2 class=\"elementor-heading-title elementor-size-default\">Teglstein<\/h2>\t\t\t\t<\/div>\n\t\t\t\t<\/div>\n\t\t\t\t<div class=\"elementor-element elementor-element-272c37b elementor-widget elementor-widget-text-editor\" data-id=\"272c37b\" data-element_type=\"widget\" data-widget_type=\"text-editor.default\">\n\t\t\t\t<div class=\"elementor-widget-container\">\n\t\t\t\t\t\t\t\t\t<p>Teglstein er et tidl\u00f8st og solid byggemateriale, kjent for sin holdbarhet og naturlige skj\u00f8nnhet. Med sine varme fargetoner og robuste egenskaper tilf\u00f8rer teglstein b\u00e5de karakter og funksjonalitet til bygninger. Gjennom \u00e5rhundrer har tegl blitt brukt for \u00e5 bygge alt fra hjem til monumentale strukturer, og det er fortsatt en foretrukken l\u00f8sning for de som \u00f8nsker et klassisk, men slitesterkt materiale.<\/p>\t\t\t\t\t\t\t\t<\/div>\n\t\t\t\t<\/div>\n\t\t\t\t<div class=\"elementor-element elementor-element-d89678c elementor-widget elementor-widget-text-editor\" data-id=\"d89678c\" data-element_type=\"widget\" data-widget_type=\"text-editor.default\">\n\t\t\t\t<div class=\"elementor-widget-container\">\n\t\t\t\t\t\t\t\t\t<p><strong>Fordeler<\/strong><br \/>Tegltakstein er kjent for sitt klassiske og tidl\u00f8se utseende. Den har h\u00f8y holdbarhet og kan vare i 75-100 \u00e5r. Taksteinen t\u00e5ler godt b\u00e5de varme og kulde, og den er et milj\u00f8vennlig alternativ da den kan resirkuleres.<\/p><p><strong>Ulemper<\/strong><br \/>Det er en dyrere l\u00f8sning enn betong. Tegl kan v\u00e6re s\u00e5rbart for frostskader hvis vann trenger inn i steinen.<\/p><p><strong>Vedlikehold<\/strong><br \/>Krever moderat vedlikehold, med jevnlig sjekk for frostskader og mose.<\/p><p><strong>Levetid<\/strong><br \/>75-100 \u00e5r.<\/p>\t\t\t\t\t\t\t\t<\/div>\n\t\t\t\t<\/div>\n\t\t\t\t<div class=\"elementor-element elementor-element-bdd5583 elementor-widget elementor-widget-ucaddon_blox_btn_group\" data-id=\"bdd5583\" data-element_type=\"widget\" data-widget_type=\"ucaddon_blox_btn_group.default\">\n\t\t\t\t<div class=\"elementor-widget-container\">\n\t\t\t\t\t\n<!-- start Button Group -->\n\t\t<link id='font-awesome-css' href='https:\/\/mediavesthosting.com\/takogventilasjon\/wp-content\/plugins\/unlimited-elements-for-elementor-premium\/assets_libraries\/font-awesome6\/fontawesome-all.min.css' type='text\/css' rel='stylesheet' >\n\t\t<link id='font-awesome-4-shim-css' href='https:\/\/mediavesthosting.com\/takogventilasjon\/wp-content\/plugins\/unlimited-elements-for-elementor-premium\/assets_libraries\/font-awesome6\/fontawesome-v4-shims.min.css' type='text\/css' rel='stylesheet' >\n\n<style>\/* widget: Button Group *\/\n\n#uc_blox_btn_group_elementor_bdd5583\n{\n  display:flex;\n  flex-wrap: wrap;\n}\n\n#uc_blox_btn_group_elementor_bdd5583 a\n{\n  display:block;\n  text-decoration:none;\n  transition:0.3s;\n\n}\n\n#uc_blox_btn_group_elementor_bdd5583 .blox_btn_group_inner\n{\n  display:inline-flex;\n  align-items:center;\n}\n\n#uc_blox_btn_group_elementor_bdd5583 .blox_btn_group_inner .ue-btn-icon\n{\n  line-height:1em;\n}\n\n#uc_blox_btn_group_elementor_bdd5583 .blox_btn_group_inner .ue-btn-icon svg\n{\n  height:1em;\n  width:1em;\n}\n\n<\/style>\n\n<div id=\"uc_blox_btn_group_elementor_bdd5583\" class=\"blox_btn_group uc-items-wrapper \" >\n  <a class=\"elementor-repeater-item-5292b98 \" href=\"https:\/\/www.nettbutikk.takogventilasjon.no\/\" id=\"uc_blox_btn_group_elementor_bdd5583_item1\" >\n  <div class=\"blox_btn_group_inner\">\n        <div class=\"ue-btn-txt\">Til nettbutikk<\/div>\n  <\/div>\n<\/a>\n<a class=\"elementor-repeater-item-e560ea7 \" href=\"https:\/\/mediavesthosting.com\/takogventilasjon\/kontakt\/\" id=\"uc_blox_btn_group_elementor_bdd5583_item2\" >\n  <div class=\"blox_btn_group_inner\">\n        <div class=\"ue-btn-txt\">Til kontaktskjema<\/div>\n  <\/div>\n<\/a>\n\n  \n\n\n<\/div>\n<!-- end Button Group -->\t\t\t\t<\/div>\n\t\t\t\t<\/div>\n\t\t\t\t<div class=\"elementor-element elementor-element-994c4d4 elementor-widget elementor-widget-spacer\" data-id=\"994c4d4\" data-element_type=\"widget\" data-widget_type=\"spacer.default\">\n\t\t\t\t<div class=\"elementor-widget-container\">\n\t\t\t\t\t\t\t<div class=\"elementor-spacer\">\n\t\t\t<div class=\"elementor-spacer-inner\"><\/div>\n\t\t<\/div>\n\t\t\t\t\t\t<\/div>\n\t\t\t\t<\/div>\n\t\t\t\t<div class=\"elementor-element elementor-element-6019681 elementor-widget elementor-widget-heading\" data-id=\"6019681\" data-element_type=\"widget\" data-widget_type=\"heading.default\">\n\t\t\t\t<div class=\"elementor-widget-container\">\n\t\t\t\t\t<h2 class=\"elementor-heading-title elementor-size-default\">Leverand\u00f8rer<\/h2>\t\t\t\t<\/div>\n\t\t\t\t<\/div>\n\t\t\t\t<div class=\"elementor-element elementor-element-2790b2c elementor-widget elementor-widget-image-gallery\" data-id=\"2790b2c\" data-element_type=\"widget\" data-widget_type=\"image-gallery.default\">\n\t\t\t\t<div class=\"elementor-widget-container\">\n\t\t\t\t\t\t\t<div class=\"elementor-image-gallery\">\n\t\t\t<div id='gallery-1' class='gallery galleryid-6085 gallery-columns-4 gallery-size-full'><figure class='gallery-item'>\n\t\t\t<div class='gallery-icon landscape'>\n\t\t\t\t<a data-elementor-open-lightbox=\"yes\" data-elementor-lightbox-slideshow=\"2790b2c\" data-elementor-lightbox-title=\"logo leverand\u00f8rer tak og ventilasjon(2)\" data-e-action-hash=\"#elementor-action%3Aaction%3Dlightbox%26settings%3DeyJpZCI6NjMzMiwidXJsIjoiaHR0cHM6XC9cL21lZGlhdmVzdGhvc3RpbmcuY29tXC90YWtvZ3ZlbnRpbGFzam9uXC93cC1jb250ZW50XC91cGxvYWRzXC8yMDI0XC8wOVwvbG9nby1sZXZlcmFuZG9yZXItdGFrLW9nLXZlbnRpbGFzam9uMi5wbmciLCJzbGlkZXNob3ciOiIyNzkwYjJjIn0%3D\" href='https:\/\/mediavesthosting.com\/takogventilasjon\/wp-content\/uploads\/2024\/09\/logo-leverandorer-tak-og-ventilasjon2.png'><img fetchpriority=\"high\" decoding=\"async\" width=\"500\" height=\"300\" src=\"https:\/\/mediavesthosting.com\/takogventilasjon\/wp-content\/uploads\/2024\/09\/logo-leverandorer-tak-og-ventilasjon2.png\" class=\"attachment-full size-full\" alt=\"\" srcset=\"https:\/\/mediavesthosting.com\/takogventilasjon\/wp-content\/uploads\/2024\/09\/logo-leverandorer-tak-og-ventilasjon2.png 500w, https:\/\/mediavesthosting.com\/takogventilasjon\/wp-content\/uploads\/2024\/09\/logo-leverandorer-tak-og-ventilasjon2-300x180.png 300w\" sizes=\"(max-width: 500px) 100vw, 500px\" \/><\/a>\n\t\t\t<\/div><\/figure><figure class='gallery-item'>\n\t\t\t<div class='gallery-icon landscape'>\n\t\t\t\t<a data-elementor-open-lightbox=\"yes\" data-elementor-lightbox-slideshow=\"2790b2c\" data-elementor-lightbox-title=\"logo leverand\u00f8rer tak og ventilasjon(3)\" data-e-action-hash=\"#elementor-action%3Aaction%3Dlightbox%26settings%3DeyJpZCI6NjMzNCwidXJsIjoiaHR0cHM6XC9cL21lZGlhdmVzdGhvc3RpbmcuY29tXC90YWtvZ3ZlbnRpbGFzam9uXC93cC1jb250ZW50XC91cGxvYWRzXC8yMDI0XC8wOVwvbG9nby1sZXZlcmFuZG9yZXItdGFrLW9nLXZlbnRpbGFzam9uMy5wbmciLCJzbGlkZXNob3ciOiIyNzkwYjJjIn0%3D\" href='https:\/\/mediavesthosting.com\/takogventilasjon\/wp-content\/uploads\/2024\/09\/logo-leverandorer-tak-og-ventilasjon3.png'><img decoding=\"async\" width=\"500\" height=\"300\" src=\"https:\/\/mediavesthosting.com\/takogventilasjon\/wp-content\/uploads\/2024\/09\/logo-leverandorer-tak-og-ventilasjon3.png\" class=\"attachment-full size-full\" alt=\"\" srcset=\"https:\/\/mediavesthosting.com\/takogventilasjon\/wp-content\/uploads\/2024\/09\/logo-leverandorer-tak-og-ventilasjon3.png 500w, https:\/\/mediavesthosting.com\/takogventilasjon\/wp-content\/uploads\/2024\/09\/logo-leverandorer-tak-og-ventilasjon3-300x180.png 300w\" sizes=\"(max-width: 500px) 100vw, 500px\" \/><\/a>\n\t\t\t<\/div><\/figure><figure class='gallery-item'>\n\t\t\t<div class='gallery-icon landscape'>\n\t\t\t\t<a data-elementor-open-lightbox=\"yes\" data-elementor-lightbox-slideshow=\"2790b2c\" data-elementor-lightbox-title=\"logo leverand\u00f8rer tak og ventilasjon(4)\" data-e-action-hash=\"#elementor-action%3Aaction%3Dlightbox%26settings%3DeyJpZCI6NjMzNSwidXJsIjoiaHR0cHM6XC9cL21lZGlhdmVzdGhvc3RpbmcuY29tXC90YWtvZ3ZlbnRpbGFzam9uXC93cC1jb250ZW50XC91cGxvYWRzXC8yMDI0XC8wOVwvbG9nby1sZXZlcmFuZG9yZXItdGFrLW9nLXZlbnRpbGFzam9uNC5wbmciLCJzbGlkZXNob3ciOiIyNzkwYjJjIn0%3D\" href='https:\/\/mediavesthosting.com\/takogventilasjon\/wp-content\/uploads\/2024\/09\/logo-leverandorer-tak-og-ventilasjon4.png'><img decoding=\"async\" width=\"500\" height=\"300\" src=\"https:\/\/mediavesthosting.com\/takogventilasjon\/wp-content\/uploads\/2024\/09\/logo-leverandorer-tak-og-ventilasjon4.png\" class=\"attachment-full size-full\" alt=\"\" srcset=\"https:\/\/mediavesthosting.com\/takogventilasjon\/wp-content\/uploads\/2024\/09\/logo-leverandorer-tak-og-ventilasjon4.png 500w, https:\/\/mediavesthosting.com\/takogventilasjon\/wp-content\/uploads\/2024\/09\/logo-leverandorer-tak-og-ventilasjon4-300x180.png 300w\" sizes=\"(max-width: 500px) 100vw, 500px\" \/><\/a>\n\t\t\t<\/div><\/figure>\n\t\t<\/div>\n\t\t<\/div>\n\t\t\t\t\t\t<\/div>\n\t\t\t\t<\/div>\n\t\t\t\t\t<\/div>\n\t\t<\/div>\n\t\t\t\t<div class=\"elementor-column elementor-col-50 elementor-inner-column elementor-element elementor-element-519c429\" data-id=\"519c429\" data-element_type=\"column\">\n\t\t\t<div class=\"elementor-widget-wrap elementor-element-populated\">\n\t\t\t\t\t\t<div class=\"elementor-element elementor-element-2a457ab elementor-widget elementor-widget-image\" data-id=\"2a457ab\" data-element_type=\"widget\" data-widget_type=\"image.default\">\n\t\t\t\t<div class=\"elementor-widget-container\">\n\t\t\t\t\t\t\t\t\t\t\t\t\t\t\t<img loading=\"lazy\" decoding=\"async\" width=\"476\" height=\"714\" src=\"https:\/\/mediavesthosting.com\/takogventilasjon\/wp-content\/uploads\/2024\/11\/Screenshot-2024-11-29-at-08-51-09-White-and-brown-concrete-house-photo-\u2013-Free-Bergen-Image-on-Unsplash.png\" class=\"attachment-large size-large wp-image-6614\" alt=\"\" srcset=\"https:\/\/mediavesthosting.com\/takogventilasjon\/wp-content\/uploads\/2024\/11\/Screenshot-2024-11-29-at-08-51-09-White-and-brown-concrete-house-photo-\u2013-Free-Bergen-Image-on-Unsplash.png 476w, https:\/\/mediavesthosting.com\/takogventilasjon\/wp-content\/uploads\/2024\/11\/Screenshot-2024-11-29-at-08-51-09-White-and-brown-concrete-house-photo-\u2013-Free-Bergen-Image-on-Unsplash-200x300.png 200w\" sizes=\"(max-width: 476px) 100vw, 476px\" \/>\t\t\t\t\t\t\t\t\t\t\t\t\t\t\t<\/div>\n\t\t\t\t<\/div>\n\t\t\t\t\t<\/div>\n\t\t<\/div>\n\t\t\t\t\t<\/div>\n\t\t<\/section>\n\t\t\t\t\t<\/div>\n\t\t<\/div>\n\t\t\t\t\t<\/div>\n\t\t<\/section>\n\t\t\t\t<\/div>\n\t\t","protected":false},"excerpt":{"rendered":"<p>Teglstein Teglstein er et tidl\u00f8st og solid byggemateriale, kjent for sin holdbarhet og naturlige skj\u00f8nnhet. Med sine varme fargetoner og robuste egenskaper tilf\u00f8rer teglstein b\u00e5de karakter og funksjonalitet til bygninger. Gjennom \u00e5rhundrer har tegl blitt brukt for \u00e5 bygge alt fra hjem til monumentale strukturer, og det er fortsatt en foretrukken l\u00f8sning for de som [&hellip;]<\/p>\n","protected":false},"author":2,"featured_media":0,"parent":0,"menu_order":0,"comment_status":"closed","ping_status":"closed","template":"tpl-default-elementor.php","meta":{"footnotes":""},"class_list":["post-6085","page","type-page","status-publish","hentry"],"_links":{"self":[{"href":"https:\/\/mediavesthosting.com\/takogventilasjon\/wp-json\/wp\/v2\/pages\/6085","targetHints":{"allow":["GET"]}}],"collection":[{"href":"https:\/\/mediavesthosting.com\/takogventilasjon\/wp-json\/wp\/v2\/pages"}],"about":[{"href":"https:\/\/mediavesthosting.com\/takogventilasjon\/wp-json\/wp\/v2\/types\/page"}],"author":[{"embeddable":true,"href":"https:\/\/mediavesthosting.com\/takogventilasjon\/wp-json\/wp\/v2\/users\/2"}],"replies":[{"embeddable":true,"href":"https:\/\/mediavesthosting.com\/takogventilasjon\/wp-json\/wp\/v2\/comments?post=6085"}],"version-history":[{"count":37,"href":"https:\/\/mediavesthosting.com\/takogventilasjon\/wp-json\/wp\/v2\/pages\/6085\/revisions"}],"predecessor-version":[{"id":7105,"href":"https:\/\/mediavesthosting.com\/takogventilasjon\/wp-json\/wp\/v2\/pages\/6085\/revisions\/7105"}],"wp:attachment":[{"href":"https:\/\/mediavesthosting.com\/takogventilasjon\/wp-json\/wp\/v2\/media?parent=6085"}],"curies":[{"name":"wp","href":"https:\/\/api.w.org\/{rel}","templated":true}]}}