{"id":1414,"date":"2021-10-05T04:17:27","date_gmt":"2021-10-05T04:17:27","guid":{"rendered":"https:\/\/z.commonsupport.com\/roofplan\/?page_id=1414"},"modified":"2025-08-12T07:25:00","modified_gmt":"2025-08-12T07:25:00","slug":"tak","status":"publish","type":"page","link":"https:\/\/mediavesthosting.com\/takogventilasjon\/tak\/","title":{"rendered":"Tak"},"content":{"rendered":"\t\t<div data-elementor-type=\"wp-page\" data-elementor-id=\"1414\" class=\"elementor elementor-1414\" data-elementor-post-type=\"page\">\n\t\t\t\t\t\t<section class=\"elementor-section elementor-top-section elementor-element elementor-element-e0b3cf3 elementor-section-boxed elementor-section-height-default elementor-section-height-default\" data-id=\"e0b3cf3\" data-element_type=\"section\">\n\t\t\t\t\t\t<div class=\"elementor-container elementor-column-gap-no\">\n\t\t\t\t\t<div class=\"elementor-column elementor-col-100 elementor-top-column elementor-element elementor-element-3f8b14b\" data-id=\"3f8b14b\" data-element_type=\"column\">\n\t\t\t<div class=\"elementor-widget-wrap elementor-element-populated\">\n\t\t\t\t\t\t<div class=\"elementor-element elementor-element-7285fe6 elementor-widget elementor-widget-spacer\" data-id=\"7285fe6\" data-element_type=\"widget\" data-widget_type=\"spacer.default\">\n\t\t\t\t<div class=\"elementor-widget-container\">\n\t\t\t\t\t\t\t<div class=\"elementor-spacer\">\n\t\t\t<div class=\"elementor-spacer-inner\"><\/div>\n\t\t<\/div>\n\t\t\t\t\t\t<\/div>\n\t\t\t\t<\/div>\n\t\t\t\t<section class=\"elementor-section elementor-inner-section elementor-element elementor-element-ed10a5e elementor-section-boxed elementor-section-height-default elementor-section-height-default\" data-id=\"ed10a5e\" data-element_type=\"section\">\n\t\t\t\t\t\t<div class=\"elementor-container elementor-column-gap-default\">\n\t\t\t\t\t<div class=\"elementor-column elementor-col-50 elementor-inner-column elementor-element elementor-element-266099e\" data-id=\"266099e\" data-element_type=\"column\">\n\t\t\t<div class=\"elementor-widget-wrap elementor-element-populated\">\n\t\t\t\t\t\t<div class=\"elementor-element elementor-element-62e821e elementor-widget elementor-widget-spacer\" data-id=\"62e821e\" data-element_type=\"widget\" data-widget_type=\"spacer.default\">\n\t\t\t\t<div class=\"elementor-widget-container\">\n\t\t\t\t\t\t\t<div class=\"elementor-spacer\">\n\t\t\t<div class=\"elementor-spacer-inner\"><\/div>\n\t\t<\/div>\n\t\t\t\t\t\t<\/div>\n\t\t\t\t<\/div>\n\t\t\t\t<div class=\"elementor-element elementor-element-2be4086 elementor-widget elementor-widget-heading\" data-id=\"2be4086\" data-element_type=\"widget\" data-widget_type=\"heading.default\">\n\t\t\t\t<div class=\"elementor-widget-container\">\n\t\t\t\t\t<h1 class=\"elementor-heading-title elementor-size-default\">Tak og takomlegging<\/h1>\t\t\t\t<\/div>\n\t\t\t\t<\/div>\n\t\t\t\t<div class=\"elementor-element elementor-element-e0f9c49 elementor-widget elementor-widget-spacer\" data-id=\"e0f9c49\" data-element_type=\"widget\" data-widget_type=\"spacer.default\">\n\t\t\t\t<div class=\"elementor-widget-container\">\n\t\t\t\t\t\t\t<div class=\"elementor-spacer\">\n\t\t\t<div class=\"elementor-spacer-inner\"><\/div>\n\t\t<\/div>\n\t\t\t\t\t\t<\/div>\n\t\t\t\t<\/div>\n\t\t\t\t<div class=\"elementor-element elementor-element-594d0f2 elementor-widget elementor-widget-heading\" data-id=\"594d0f2\" data-element_type=\"widget\" data-widget_type=\"heading.default\">\n\t\t\t\t<div class=\"elementor-widget-container\">\n\t\t\t\t\t<h2 class=\"elementor-heading-title elementor-size-default\">Velg riktig takl\u00f8sning<br>for ditt hjem<\/h2>\t\t\t\t<\/div>\n\t\t\t\t<\/div>\n\t\t\t\t<div class=\"elementor-element elementor-element-59f1cf7 elementor-widget elementor-widget-spacer\" data-id=\"59f1cf7\" data-element_type=\"widget\" data-widget_type=\"spacer.default\">\n\t\t\t\t<div class=\"elementor-widget-container\">\n\t\t\t\t\t\t\t<div class=\"elementor-spacer\">\n\t\t\t<div class=\"elementor-spacer-inner\"><\/div>\n\t\t<\/div>\n\t\t\t\t\t\t<\/div>\n\t\t\t\t<\/div>\n\t\t\t\t<div class=\"elementor-element elementor-element-6f279df elementor-widget elementor-widget-heading\" data-id=\"6f279df\" data-element_type=\"widget\" data-widget_type=\"heading.default\">\n\t\t\t\t<div class=\"elementor-widget-container\">\n\t\t\t\t\t<h2 class=\"elementor-heading-title elementor-size-default\">Se v\u00e5re taktjenester:<\/h2>\t\t\t\t<\/div>\n\t\t\t\t<\/div>\n\t\t\t\t<div class=\"elementor-element elementor-element-e78dcd0 elementor-widget elementor-widget-ucaddon_blox_btn_group\" data-id=\"e78dcd0\" data-element_type=\"widget\" data-widget_type=\"ucaddon_blox_btn_group.default\">\n\t\t\t\t<div class=\"elementor-widget-container\">\n\t\t\t\t\t\n<!-- start Button Group -->\n\t\t<link id='font-awesome-css' href='https:\/\/mediavesthosting.com\/takogventilasjon\/wp-content\/plugins\/unlimited-elements-for-elementor-premium\/assets_libraries\/font-awesome6\/fontawesome-all.min.css' type='text\/css' rel='stylesheet' >\n\t\t<link id='font-awesome-4-shim-css' href='https:\/\/mediavesthosting.com\/takogventilasjon\/wp-content\/plugins\/unlimited-elements-for-elementor-premium\/assets_libraries\/font-awesome6\/fontawesome-v4-shims.min.css' type='text\/css' rel='stylesheet' >\n\n<style>\/* widget: Button Group *\/\n\n#uc_blox_btn_group_elementor_e78dcd0\n{\n  display:flex;\n  flex-wrap: wrap;\n}\n\n#uc_blox_btn_group_elementor_e78dcd0 a\n{\n  display:block;\n  text-decoration:none;\n  transition:0.3s;\n\n}\n\n#uc_blox_btn_group_elementor_e78dcd0 .blox_btn_group_inner\n{\n  display:inline-flex;\n  align-items:center;\n}\n\n#uc_blox_btn_group_elementor_e78dcd0 .blox_btn_group_inner .ue-btn-icon\n{\n  line-height:1em;\n}\n\n#uc_blox_btn_group_elementor_e78dcd0 .blox_btn_group_inner .ue-btn-icon svg\n{\n  height:1em;\n  width:1em;\n}\n\n<\/style>\n\n<div id=\"uc_blox_btn_group_elementor_e78dcd0\" class=\"blox_btn_group uc-items-wrapper \" >\n  <a class=\"elementor-repeater-item-e560ea7 \" href=\"https:\/\/mediavesthosting.com\/takogventilasjon\/teglstein\/\" id=\"uc_blox_btn_group_elementor_e78dcd0_item1\" >\n  <div class=\"blox_btn_group_inner\">\n        <div class=\"ue-btn-txt\">Teglstein<\/div>\n  <\/div>\n<\/a>\n<a class=\"elementor-repeater-item-5292b98 \" href=\"https:\/\/mediavesthosting.com\/takogventilasjon\/betongstein\/\" id=\"uc_blox_btn_group_elementor_e78dcd0_item2\" >\n  <div class=\"blox_btn_group_inner\">\n        <div class=\"ue-btn-txt\">Betongstein<\/div>\n  <\/div>\n<\/a>\n<a class=\"elementor-repeater-item-2b09093 \" href=\"https:\/\/mediavesthosting.com\/takogventilasjon\/platetak\/\" id=\"uc_blox_btn_group_elementor_e78dcd0_item3\" >\n  <div class=\"blox_btn_group_inner\">\n        <div class=\"ue-btn-txt\">Platetak<\/div>\n  <\/div>\n<\/a>\n<a class=\"elementor-repeater-item-d0c74ff \" href=\"https:\/\/mediavesthosting.com\/takogventilasjon\/papptekking\/\" id=\"uc_blox_btn_group_elementor_e78dcd0_item4\" >\n  <div class=\"blox_btn_group_inner\">\n        <div class=\"ue-btn-txt\">Papptekking<\/div>\n  <\/div>\n<\/a>\n<a class=\"elementor-repeater-item-8a99723 \" href=\"https:\/\/mediavesthosting.com\/takogventilasjon\/torv\/\" id=\"uc_blox_btn_group_elementor_e78dcd0_item5\" >\n  <div class=\"blox_btn_group_inner\">\n        <div class=\"ue-btn-txt\">Torv<\/div>\n  <\/div>\n<\/a>\n<a class=\"elementor-repeater-item-6e4981f \" href=\"https:\/\/mediavesthosting.com\/takogventilasjon\/taksikring\/\" id=\"uc_blox_btn_group_elementor_e78dcd0_item6\" >\n  <div class=\"blox_btn_group_inner\">\n        <div class=\"ue-btn-txt\">Taksikring<\/div>\n  <\/div>\n<\/a>\n<a class=\"elementor-repeater-item-979d9a4 \" href=\"https:\/\/mediavesthosting.com\/takogventilasjon\/tak-tilbehor\/\" id=\"uc_blox_btn_group_elementor_e78dcd0_item7\" >\n  <div class=\"blox_btn_group_inner\">\n        <div class=\"ue-btn-txt\">Tilbeh\u00f8r<\/div>\n  <\/div>\n<\/a>\n\n  \n\n\n<\/div>\n<!-- end Button Group -->\t\t\t\t<\/div>\n\t\t\t\t<\/div>\n\t\t\t\t\t<\/div>\n\t\t<\/div>\n\t\t\t\t<div class=\"elementor-column elementor-col-50 elementor-inner-column elementor-element elementor-element-f2c1ddb\" data-id=\"f2c1ddb\" data-element_type=\"column\">\n\t\t\t<div class=\"elementor-widget-wrap elementor-element-populated\">\n\t\t\t\t\t\t<div class=\"elementor-element elementor-element-3888472 elementor-widget elementor-widget-spacer\" data-id=\"3888472\" data-element_type=\"widget\" data-widget_type=\"spacer.default\">\n\t\t\t\t<div class=\"elementor-widget-container\">\n\t\t\t\t\t\t\t<div class=\"elementor-spacer\">\n\t\t\t<div class=\"elementor-spacer-inner\"><\/div>\n\t\t<\/div>\n\t\t\t\t\t\t<\/div>\n\t\t\t\t<\/div>\n\t\t\t\t<div class=\"elementor-element elementor-element-f942611 elementor-widget elementor-widget-image\" data-id=\"f942611\" data-element_type=\"widget\" data-widget_type=\"image.default\">\n\t\t\t\t<div class=\"elementor-widget-container\">\n\t\t\t\t\t\t\t\t\t\t\t\t\t\t\t<img fetchpriority=\"high\" decoding=\"async\" width=\"525\" height=\"403\" src=\"https:\/\/mediavesthosting.com\/takogventilasjon\/wp-content\/uploads\/2024\/09\/tegltakstein.png\" class=\"attachment-large size-large wp-image-6163\" alt=\"\" srcset=\"https:\/\/mediavesthosting.com\/takogventilasjon\/wp-content\/uploads\/2024\/09\/tegltakstein.png 570w, https:\/\/mediavesthosting.com\/takogventilasjon\/wp-content\/uploads\/2024\/09\/tegltakstein-300x231.png 300w\" sizes=\"(max-width: 525px) 100vw, 525px\" \/>\t\t\t\t\t\t\t\t\t\t\t\t\t\t\t<\/div>\n\t\t\t\t<\/div>\n\t\t\t\t\t<\/div>\n\t\t<\/div>\n\t\t\t\t\t<\/div>\n\t\t<\/section>\n\t\t\t\t<section class=\"elementor-section elementor-inner-section elementor-element elementor-element-7accf9a elementor-section-boxed elementor-section-height-default elementor-section-height-default\" data-id=\"7accf9a\" data-element_type=\"section\">\n\t\t\t\t\t\t<div class=\"elementor-container elementor-column-gap-default\">\n\t\t\t\t\t<div class=\"elementor-column elementor-col-100 elementor-inner-column elementor-element elementor-element-f3d1aa4\" data-id=\"f3d1aa4\" data-element_type=\"column\">\n\t\t\t<div class=\"elementor-widget-wrap elementor-element-populated\">\n\t\t\t\t\t\t<div class=\"elementor-element elementor-element-a8f251c elementor-widget elementor-widget-spacer\" data-id=\"a8f251c\" data-element_type=\"widget\" data-widget_type=\"spacer.default\">\n\t\t\t\t<div class=\"elementor-widget-container\">\n\t\t\t\t\t\t\t<div class=\"elementor-spacer\">\n\t\t\t<div class=\"elementor-spacer-inner\"><\/div>\n\t\t<\/div>\n\t\t\t\t\t\t<\/div>\n\t\t\t\t<\/div>\n\t\t\t\t<div class=\"elementor-element elementor-element-c9c0fed elementor-widget elementor-widget-spacer\" data-id=\"c9c0fed\" data-element_type=\"widget\" data-widget_type=\"spacer.default\">\n\t\t\t\t<div class=\"elementor-widget-container\">\n\t\t\t\t\t\t\t<div class=\"elementor-spacer\">\n\t\t\t<div class=\"elementor-spacer-inner\"><\/div>\n\t\t<\/div>\n\t\t\t\t\t\t<\/div>\n\t\t\t\t<\/div>\n\t\t\t\t<div class=\"elementor-element elementor-element-f072243 elementor-widget elementor-widget-heading\" data-id=\"f072243\" data-element_type=\"widget\" data-widget_type=\"heading.default\">\n\t\t\t\t<div class=\"elementor-widget-container\">\n\t\t\t\t\t<h2 class=\"elementor-heading-title elementor-size-default\">Hva er viktig \u00e5 tenke p\u00e5?<\/h2>\t\t\t\t<\/div>\n\t\t\t\t<\/div>\n\t\t\t\t<div class=\"elementor-element elementor-element-df7fa73 elementor-widget elementor-widget-spacer\" data-id=\"df7fa73\" data-element_type=\"widget\" data-widget_type=\"spacer.default\">\n\t\t\t\t<div class=\"elementor-widget-container\">\n\t\t\t\t\t\t\t<div class=\"elementor-spacer\">\n\t\t\t<div class=\"elementor-spacer-inner\"><\/div>\n\t\t<\/div>\n\t\t\t\t\t\t<\/div>\n\t\t\t\t<\/div>\n\t\t\t\t<div class=\"elementor-element elementor-element-b846c72 elementor-widget elementor-widget-text-editor\" data-id=\"b846c72\" data-element_type=\"widget\" data-widget_type=\"text-editor.default\">\n\t\t\t\t<div class=\"elementor-widget-container\">\n\t\t\t\t\t\t\t\t\t<p>N\u00e5r man skal velge yttertak til huset, er det flere viktige faktorer \u00e5 vurdere, som holdbarhet, estetikk, vedlikehold og kostnad. Her er en sammenligning av fem popul\u00e6re taktyper: betongtakstein, tegltakstein, platetak (st\u00e5lplater og aluminiumsplater), papptekking, og torvtekking.<\/p><p>N\u00e5r det gjelder \u00e5 beskytte ditt hjem mot v\u00e6r og vind, spiller taket en avgj\u00f8rende rolle. Taket fungerer som f\u00f8rste forsvarslinje mot elementene, og derfor er det essensielt \u00e5 forst\u00e5 b\u00e5de materialvalg og vedlikehold for \u00e5 sikre at det gir optimal beskyttelse og holdbarhet.<\/p><p>N\u00e5r det gjelder \u00e5 beskytte og forbedre hjemmet ditt, spiller taket en avgj\u00f8rende rolle. Vi tilbyr et bredt utvalg av takprodukter som st\u00f8tter b\u00e5de nyinstallasjon og vedlikehold, med fokus p\u00e5 kvalitet, holdbarhet og estetikk. Fra valg av materialer til r\u00e5dgivning om vedlikehold, s\u00f8rger vi for at taket ditt kan gi optimal beskyttelse og \u00f8ke hjemmets verdi og utseende.<\/p>\t\t\t\t\t\t\t\t<\/div>\n\t\t\t\t<\/div>\n\t\t\t\t\t<\/div>\n\t\t<\/div>\n\t\t\t\t\t<\/div>\n\t\t<\/section>\n\t\t\t\t<div class=\"elementor-element elementor-element-da385ca elementor-widget elementor-widget-spacer\" data-id=\"da385ca\" data-element_type=\"widget\" data-widget_type=\"spacer.default\">\n\t\t\t\t<div class=\"elementor-widget-container\">\n\t\t\t\t\t\t\t<div class=\"elementor-spacer\">\n\t\t\t<div class=\"elementor-spacer-inner\"><\/div>\n\t\t<\/div>\n\t\t\t\t\t\t<\/div>\n\t\t\t\t<\/div>\n\t\t\t\t<section class=\"elementor-section elementor-inner-section elementor-element elementor-element-0b680ae elementor-section-boxed elementor-section-height-default elementor-section-height-default\" data-id=\"0b680ae\" data-element_type=\"section\">\n\t\t\t\t\t\t<div class=\"elementor-container elementor-column-gap-default\">\n\t\t\t\t\t<div class=\"elementor-column elementor-col-50 elementor-inner-column elementor-element elementor-element-0578655\" data-id=\"0578655\" data-element_type=\"column\">\n\t\t\t<div class=\"elementor-widget-wrap elementor-element-populated\">\n\t\t\t\t\t\t<div class=\"elementor-element elementor-element-c2d589d elementor-widget elementor-widget-spacer\" data-id=\"c2d589d\" data-element_type=\"widget\" data-widget_type=\"spacer.default\">\n\t\t\t\t<div class=\"elementor-widget-container\">\n\t\t\t\t\t\t\t<div class=\"elementor-spacer\">\n\t\t\t<div class=\"elementor-spacer-inner\"><\/div>\n\t\t<\/div>\n\t\t\t\t\t\t<\/div>\n\t\t\t\t<\/div>\n\t\t\t\t<div class=\"elementor-element elementor-element-c969fba elementor-widget elementor-widget-image\" data-id=\"c969fba\" data-element_type=\"widget\" data-widget_type=\"image.default\">\n\t\t\t\t<div class=\"elementor-widget-container\">\n\t\t\t\t\t\t\t\t\t\t\t\t\t\t\t<img decoding=\"async\" width=\"525\" height=\"292\" src=\"https:\/\/mediavesthosting.com\/takogventilasjon\/wp-content\/uploads\/2022\/03\/dia-1024x569.jpeg\" class=\"attachment-large size-large wp-image-3869\" alt=\"\" srcset=\"https:\/\/mediavesthosting.com\/takogventilasjon\/wp-content\/uploads\/2022\/03\/dia-1024x569.jpeg 1024w, https:\/\/mediavesthosting.com\/takogventilasjon\/wp-content\/uploads\/2022\/03\/dia-600x334.jpeg 600w, https:\/\/mediavesthosting.com\/takogventilasjon\/wp-content\/uploads\/2022\/03\/dia-300x167.jpeg 300w, https:\/\/mediavesthosting.com\/takogventilasjon\/wp-content\/uploads\/2022\/03\/dia-768x427.jpeg 768w, https:\/\/mediavesthosting.com\/takogventilasjon\/wp-content\/uploads\/2022\/03\/dia.jpeg 1200w\" sizes=\"(max-width: 525px) 100vw, 525px\" \/>\t\t\t\t\t\t\t\t\t\t\t\t\t\t\t<\/div>\n\t\t\t\t<\/div>\n\t\t\t\t<div class=\"elementor-element elementor-element-f426220 elementor-widget elementor-widget-spacer\" data-id=\"f426220\" data-element_type=\"widget\" data-widget_type=\"spacer.default\">\n\t\t\t\t<div class=\"elementor-widget-container\">\n\t\t\t\t\t\t\t<div class=\"elementor-spacer\">\n\t\t\t<div class=\"elementor-spacer-inner\"><\/div>\n\t\t<\/div>\n\t\t\t\t\t\t<\/div>\n\t\t\t\t<\/div>\n\t\t\t\t\t<\/div>\n\t\t<\/div>\n\t\t\t\t<div class=\"elementor-column elementor-col-50 elementor-inner-column elementor-element elementor-element-77451fc\" data-id=\"77451fc\" data-element_type=\"column\">\n\t\t\t<div class=\"elementor-widget-wrap elementor-element-populated\">\n\t\t\t\t\t\t<div class=\"elementor-element elementor-element-4f78f15 elementor-widget elementor-widget-spacer\" data-id=\"4f78f15\" data-element_type=\"widget\" data-widget_type=\"spacer.default\">\n\t\t\t\t<div class=\"elementor-widget-container\">\n\t\t\t\t\t\t\t<div class=\"elementor-spacer\">\n\t\t\t<div class=\"elementor-spacer-inner\"><\/div>\n\t\t<\/div>\n\t\t\t\t\t\t<\/div>\n\t\t\t\t<\/div>\n\t\t\t\t<div class=\"elementor-element elementor-element-a885bf4 elementor-widget elementor-widget-heading\" data-id=\"a885bf4\" data-element_type=\"widget\" data-widget_type=\"heading.default\">\n\t\t\t\t<div class=\"elementor-widget-container\">\n\t\t\t\t\t<h2 class=\"elementor-heading-title elementor-size-default\">Vi hjelper deg med \u00e5 velge rett tak!<\/h2>\t\t\t\t<\/div>\n\t\t\t\t<\/div>\n\t\t\t\t<div class=\"elementor-element elementor-element-cfe6de6 elementor-widget elementor-widget-spacer\" data-id=\"cfe6de6\" data-element_type=\"widget\" data-widget_type=\"spacer.default\">\n\t\t\t\t<div class=\"elementor-widget-container\">\n\t\t\t\t\t\t\t<div class=\"elementor-spacer\">\n\t\t\t<div class=\"elementor-spacer-inner\"><\/div>\n\t\t<\/div>\n\t\t\t\t\t\t<\/div>\n\t\t\t\t<\/div>\n\t\t\t\t<div class=\"elementor-element elementor-element-69fc908 elementor-widget elementor-widget-text-editor\" data-id=\"69fc908\" data-element_type=\"widget\" data-widget_type=\"text-editor.default\">\n\t\t\t\t<div class=\"elementor-widget-container\">\n\t\t\t\t\t\t\t\t\t<p>Takstein er klassisk og estetisk tiltalende, gir god isolasjon og solid v\u00e6rbeskyttelse. Tegltakstein gir en vakker finish, mens betongstein er ekstra holdbar i det norske klimaet. Metallplater er lette, brannsikre, og sv\u00e6rt holdbare, men har en h\u00f8yere initialkostnad. De t\u00e5ler ekstreme v\u00e6rforhold og har lang levetid. Asfaltshingel er kostnadseffektivt og lett \u00e5 installere, med mange farger og stiler tilgjengelig. Ulempen er at det har en kortere levetid enn takstein og metallplater, noe som kan kreve hyppigere utskifting.<\/p><p>N\u00e5r man skal velge yttertak til huset, er det flere viktige faktorer \u00e5 vurdere, som holdbarhet, estetikk, vedlikehold og kostnad. Her er en sammenligning av fem popul\u00e6re taktyper: betongtakstein, tegltakstein, platetak (st\u00e5lplater og aluminiumsplater), papptekking, og torvtekking.<\/p>\t\t\t\t\t\t\t\t<\/div>\n\t\t\t\t<\/div>\n\t\t\t\t\t<\/div>\n\t\t<\/div>\n\t\t\t\t\t<\/div>\n\t\t<\/section>\n\t\t\t\t\t<\/div>\n\t\t<\/div>\n\t\t\t\t\t<\/div>\n\t\t<\/section>\n\t\t\t\t<section class=\"elementor-section elementor-top-section elementor-element elementor-element-db26dfa elementor-section-boxed elementor-section-height-default elementor-section-height-default\" data-id=\"db26dfa\" data-element_type=\"section\">\n\t\t\t\t\t\t<div class=\"elementor-container elementor-column-gap-default\">\n\t\t\t\t\t<div class=\"elementor-column elementor-col-100 elementor-top-column elementor-element elementor-element-ea503f3\" data-id=\"ea503f3\" data-element_type=\"column\">\n\t\t\t<div class=\"elementor-widget-wrap elementor-element-populated\">\n\t\t\t\t\t\t<div class=\"elementor-element elementor-element-a4df08f elementor-widget elementor-widget-text-editor\" data-id=\"a4df08f\" data-element_type=\"widget\" data-widget_type=\"text-editor.default\">\n\t\t\t\t<div class=\"elementor-widget-container\">\n\t\t\t\t\t\t\t\t\t<h5><strong>Sammenligning av levetid og vedlikehold<br \/><br \/><\/strong><\/h5><p><strong>Tegltakstein<\/strong> har den lengste levetiden 75-100 \u00e5r og krever moderat vedlikehold. Det er ogs\u00e5 det dyreste alternativet, men verdt det p\u00e5 lang sikt.<\/p><p><strong>Betongtakstein<\/strong> er et robust valg med god levetid 40 &#8211; 50 \u00e5r, men er utsatt for mose og krever jevnlig sjekk.<\/p><p><strong>Platetak<\/strong> av st\u00e5l eller aluminium har en levetid p\u00e5 30-70 \u00e5r, avhengig av materiale og behandling. Det er lett, krever minimalt vedlikehold, men kan v\u00e6re st\u00f8yende.<\/p><p><strong>Papptekking<\/strong> er det mest kostnadseffektive alternativet, men med den korteste levetiden 15-30 \u00e5r og h\u00f8yere krav til inspeksjon og reparasjon.<\/p><p><strong>Torvtekking<\/strong> gir estetiske og isolerende fordeler, men krever mest vedlikehold og solid konstruksjon, med en levetid p\u00e5 30-50 \u00e5r.<\/p><p>Valg av taktype b\u00f8r baseres p\u00e5 klimaforhold, estetiske preferanser, og hvor mye man er villig til \u00e5 investere i vedlikehold og holdbarhet.<\/p>\t\t\t\t\t\t\t\t<\/div>\n\t\t\t\t<\/div>\n\t\t\t\t\t<\/div>\n\t\t<\/div>\n\t\t\t\t\t<\/div>\n\t\t<\/section>\n\t\t\t\t<section class=\"elementor-section elementor-top-section elementor-element elementor-element-535cf58 elementor-section-boxed elementor-section-height-default elementor-section-height-default\" data-id=\"535cf58\" data-element_type=\"section\">\n\t\t\t\t\t\t<div class=\"elementor-container elementor-column-gap-default\">\n\t\t\t\t\t<div class=\"elementor-column elementor-col-100 elementor-top-column elementor-element elementor-element-3714ccd\" data-id=\"3714ccd\" data-element_type=\"column\">\n\t\t\t<div class=\"elementor-widget-wrap elementor-element-populated\">\n\t\t\t\t\t\t<div class=\"elementor-element elementor-element-4fa6239 elementor-widget elementor-widget-spacer\" data-id=\"4fa6239\" data-element_type=\"widget\" data-widget_type=\"spacer.default\">\n\t\t\t\t<div class=\"elementor-widget-container\">\n\t\t\t\t\t\t\t<div class=\"elementor-spacer\">\n\t\t\t<div class=\"elementor-spacer-inner\"><\/div>\n\t\t<\/div>\n\t\t\t\t\t\t<\/div>\n\t\t\t\t<\/div>\n\t\t\t\t\t<\/div>\n\t\t<\/div>\n\t\t\t\t\t<\/div>\n\t\t<\/section>\n\t\t\t\t<\/div>\n\t\t","protected":false},"excerpt":{"rendered":"<p>Tak og takomlegging Velg riktig takl\u00f8sningfor ditt hjem Se v\u00e5re taktjenester: Teglstein Betongstein Platetak Papptekking Torv Taksikring Tilbeh\u00f8r Hva er viktig \u00e5 tenke p\u00e5? N\u00e5r man skal velge yttertak til huset, er det flere viktige faktorer \u00e5 vurdere, som holdbarhet, estetikk, vedlikehold og kostnad. Her er en sammenligning av fem popul\u00e6re taktyper: betongtakstein, tegltakstein, platetak [&hellip;]<\/p>\n","protected":false},"author":1,"featured_media":0,"parent":0,"menu_order":0,"comment_status":"closed","ping_status":"closed","template":"tpl-default-elementor.php","meta":{"footnotes":""},"class_list":["post-1414","page","type-page","status-publish","hentry"],"_links":{"self":[{"href":"https:\/\/mediavesthosting.com\/takogventilasjon\/wp-json\/wp\/v2\/pages\/1414","targetHints":{"allow":["GET"]}}],"collection":[{"href":"https:\/\/mediavesthosting.com\/takogventilasjon\/wp-json\/wp\/v2\/pages"}],"about":[{"href":"https:\/\/mediavesthosting.com\/takogventilasjon\/wp-json\/wp\/v2\/types\/page"}],"author":[{"embeddable":true,"href":"https:\/\/mediavesthosting.com\/takogventilasjon\/wp-json\/wp\/v2\/users\/1"}],"replies":[{"embeddable":true,"href":"https:\/\/mediavesthosting.com\/takogventilasjon\/wp-json\/wp\/v2\/comments?post=1414"}],"version-history":[{"count":87,"href":"https:\/\/mediavesthosting.com\/takogventilasjon\/wp-json\/wp\/v2\/pages\/1414\/revisions"}],"predecessor-version":[{"id":7102,"href":"https:\/\/mediavesthosting.com\/takogventilasjon\/wp-json\/wp\/v2\/pages\/1414\/revisions\/7102"}],"wp:attachment":[{"href":"https:\/\/mediavesthosting.com\/takogventilasjon\/wp-json\/wp\/v2\/media?parent=1414"}],"curies":[{"name":"wp","href":"https:\/\/api.w.org\/{rel}","templated":true}]}}